{"id":40275,"date":"2025-06-23T15:58:49","date_gmt":"2025-06-23T13:58:49","guid":{"rendered":"https:\/\/cdn.hannover-living.dev\/?page_id=40275"},"modified":"2025-06-27T12:38:17","modified_gmt":"2025-06-27T10:38:17","slug":"declaracao-sobre-acessibilidade","status":"publish","type":"page","link":"https:\/\/cdn.hannover-living.dev\/pt\/declaracao-sobre-acessibilidade\/","title":{"rendered":"Declara\u00e7\u00e3o sobre acessibilidade"},"content":{"rendered":"<div data-elementor-type=\"wp-page\" data-elementor-id=\"40275\" class=\"elementor elementor-40275\" data-elementor-post-type=\"page\">\n\t\t\t\t<div class=\"elementor-element elementor-element-ebdc5d0 e-flex e-con-boxed e-con e-parent\" data-id=\"ebdc5d0\" data-element_type=\"container\" data-e-type=\"container\">\n\t\t\t\t\t<div class=\"e-con-inner\">\n\t\t\t\t<div class=\"elementor-element elementor-element-da82371 elementor-widget elementor-widget-heading\" data-id=\"da82371\" data-element_type=\"widget\" data-e-type=\"widget\" data-widget_type=\"heading.default\">\n\t\t\t\t<div class=\"elementor-widget-container\">\n\t\t\t\t\t<h1 class=\"elementor-heading-title elementor-size-default\">Declara\u00e7\u00e3o sobre acessibilidade<\/h1>\t\t\t\t<\/div>\n\t\t\t\t<\/div>\n\t\t\t\t<div class=\"elementor-element elementor-element-d82c378 elementor-widget elementor-widget-text-editor\" data-id=\"d82c378\" data-element_type=\"widget\" data-e-type=\"widget\" data-widget_type=\"text-editor.default\">\n\t\t\t\t<div class=\"elementor-widget-container\">\n\t\t\t\t\t\t\t\t\t<ol><li><strong> \u00c2mbito de aplica\u00e7\u00e3o<\/strong><\/li><\/ol><p style=\"padding-left: 40px;\">A presente declara\u00e7\u00e3o sobre acessibilidade aplica-se ao s\u00edtio Web do:<br \/><strong>Hannover Marketing and Tourismus GmbH (HMTG)<\/strong><br \/>www.hannover-living.de \/ http:\/\/www.hannover-tourismus.de \/ lojas em linha em welcome.visit-hannover.com<\/p><ol start=\"2\"><li><strong> Base jur\u00eddica<\/strong><\/li><\/ol><p style=\"padding-left: 40px;\">Este s\u00edtio Web esfor\u00e7a-se por manter a sua presen\u00e7a na Web em conformidade com <strong>Lei do refor\u00e7o da acessibilidade (BFSG)<\/strong> e o <strong>Portaria sobre tecnologias da informa\u00e7\u00e3o sem barreiras (BITV 2.0)<\/strong> acessibilidade sem barreiras.<\/p><ol start=\"3\"><li><strong> Estado de compatibilidade com os requisitos<\/strong><\/li><\/ol><p style=\"padding-left: 40px;\">Este s\u00edtio Web \u00e9 <strong>Parcialmente sem barreiras<\/strong>. Os requisitos da BITV 2.0 s\u00e3o parcialmente cumpridos.<\/p><ol start=\"4\"><li><strong> Metodologia da auditoria<\/strong><\/li><\/ol><p style=\"padding-left: 40px;\">O controlo de acessibilidade foi efectuado no \u00e2mbito de um <strong>Autoavalia\u00e7\u00e3o<\/strong> pelo HMTG. Os elementos individuais foram verificados aleatoriamente utilizando ferramentas de teste t\u00e9cnico. Est\u00e1 atualmente a ser planeada uma auditoria externa exaustiva.<\/p><ol start=\"5\"><li><strong> Conte\u00fados n\u00e3o acess\u00edveis<\/strong><\/li><\/ol><p style=\"padding-left: 40px;\">Algumas zonas est\u00e3o ainda <strong>N\u00e3o totalmente sem barreiras<\/strong>:<\/p><ul><li style=\"list-style-type: none;\"><ul><li><strong>Documentos PDF e media incorporados:<\/strong> Alguns ficheiros PDF mais antigos n\u00e3o t\u00eam barreiras. Os v\u00eddeos incorporados tamb\u00e9m nem sempre t\u00eam legendas ou descri\u00e7\u00f5es \u00e1udio.<\/li><li><strong>Textos alternativos:<\/strong> As imagens, especialmente em artigos mais antigos, por vezes n\u00e3o t\u00eam textos alternativos suficientes.<\/li><li><strong>Contrastes e navega\u00e7\u00e3o no teclado:<\/strong> Alguns elementos de navega\u00e7\u00e3o e design ainda n\u00e3o t\u00eam contraste suficiente ou n\u00e3o s\u00e3o totalmente acess\u00edveis atrav\u00e9s do teclado.<\/li><\/ul><\/li><\/ul><p style=\"padding-left: 40px;\"><strong>Medidas planeadas:<\/strong><\/p><ul><li style=\"list-style-type: none;\"><ul><li>Revis\u00e3o passo-a-passo de PDFs e conte\u00fados de imagem.<\/li><li>Otimiza\u00e7\u00e3o dos contrastes de cor e da navega\u00e7\u00e3o.<\/li><li>Integra\u00e7\u00e3o de elementos multim\u00e9dia acess\u00edveis.<\/li><\/ul><\/li><\/ul><p style=\"padding-left: 40px;\"><strong>\u00a0<\/strong><\/p><ol start=\"6\"><li><strong> Alternativas sem barreiras<\/strong><\/li><\/ol><p style=\"padding-left: 40px;\">Para conte\u00fados n\u00e3o acess\u00edveis, oferecemos, mediante pedido <strong>Formatos alternativos acess\u00edveis<\/strong> (por exemplo, PDFs acess\u00edveis ou informa\u00e7\u00f5es em texto). Utilize a op\u00e7\u00e3o de contacto abaixo.<\/p><ol start=\"7\"><li><strong> Prepara\u00e7\u00e3o da declara\u00e7\u00e3o<\/strong><\/li><\/ol><p style=\"padding-left: 40px;\">Esta declara\u00e7\u00e3o foi emitida em <strong>23 de junho de 2025<\/strong> criado e atualizado pela \u00faltima vez em <strong>23 de junho de 2025<\/strong> atualizado.<\/p><ol start=\"8\"><li><strong> Feedback e contacto<\/strong><\/li><\/ol><p style=\"padding-left: 40px;\">Se detetar quaisquer defici\u00eancias no que diz respeito \u00e0 conce\u00e7\u00e3o acess\u00edvel do nosso s\u00edtio Web ou se necessitar de informa\u00e7\u00f5es sobre conte\u00fados n\u00e3o acess\u00edveis, n\u00e3o hesite em contactar-nos:<\/p><p style=\"padding-left: 40px;\"><strong>Hannover Marketing e Tourismus GmbH<\/strong><br \/>Rua Vahrenwalder 7<br \/>30165 Hanover<br \/>correio eletr\u00f3nico: <a href=\"mailto:info@hannover-tourismus.de\">info@hannover-tourismus.de<\/a><br \/>Telefone: +49 (0)511 12345-0<\/p><ol start=\"9\"><li><strong> Processos de execu\u00e7\u00e3o<\/strong><\/li><\/ol><p style=\"padding-left: 40px;\">Se n\u00e3o receber uma resposta satisfat\u00f3ria a um pedido de informa\u00e7\u00e3o sobre acessibilidade deste s\u00edtio Web, pode contactar o organismo de execu\u00e7\u00e3o competente:<\/p><p style=\"padding-left: 40px;\"><strong>Comiss\u00e1rio de Estado para a Acessibilidade Digital Baixa Sax\u00f3nia<\/strong><br \/>Minist\u00e9rio do Interior e do Desporto da Baixa Sax\u00f3nia<br \/>Hanna-Arendt-Platz 2<br \/>30159 Hannover<br \/>correio eletr\u00f3nico: <a href=\"mailto:digitale-barrierefreiheit@mi.niedersachsen.de\">digitale-barrierefreiheit@mi.niedersachsen.de<\/a><br \/>Telefone: +49 (0)511 120-0<br \/>S\u00edtio Web: <a href=\"https:\/\/www.mi.niedersachsen.de\" target=\"_blank\" rel=\"noopener\">www.mi.niedersachsen.de<\/a><\/p>\t\t\t\t\t\t\t\t<\/div>\n\t\t\t\t<\/div>\n\t\t\t\t\t<\/div>\n\t\t\t\t<\/div>\n\t\t\t\t<\/div>","protected":false},"excerpt":{"rendered":"<p>Erkl\u00e4rung zur Barrierefreiheit Geltungsbereich Diese Erkl\u00e4rung zur Barrierefreiheit gilt f\u00fcr den Webauftritt der:Hannover Marketing und Tourismus GmbH (HMTG)www.hannover-living.de \/ http:\/\/www.hannover-tourismus.de \/ Onlinshops unter welcome.visit-hannover.com Rechtsgrundlagen Diese Website ist bem\u00fcht, ihren Webauftritt im Einklang mit dem Barrierefreiheitsst\u00e4rkungsgesetz (BFSG) und der Barrierefreie-Informationstechnik-Verordnung (BITV 2.0) barrierefrei zug\u00e4nglich zu machen. Stand der Vereinbarkeit mit den Anforderungen Dieser Webauftritt ist [&hellip;]<\/p>","protected":false},"author":1,"featured_media":0,"parent":0,"menu_order":0,"comment_status":"closed","ping_status":"closed","template":"","meta":{"footnotes":""},"class_list":["post-40275","page","type-page","status-publish","hentry"],"_links":{"self":[{"href":"https:\/\/cdn.hannover-living.dev\/pt\/wp-json\/wp\/v2\/pages\/40275","targetHints":{"allow":["GET"]}}],"collection":[{"href":"https:\/\/cdn.hannover-living.dev\/pt\/wp-json\/wp\/v2\/pages"}],"about":[{"href":"https:\/\/cdn.hannover-living.dev\/pt\/wp-json\/wp\/v2\/types\/page"}],"author":[{"embeddable":true,"href":"https:\/\/cdn.hannover-living.dev\/pt\/wp-json\/wp\/v2\/users\/1"}],"replies":[{"embeddable":true,"href":"https:\/\/cdn.hannover-living.dev\/pt\/wp-json\/wp\/v2\/comments?post=40275"}],"version-history":[{"count":9,"href":"https:\/\/cdn.hannover-living.dev\/pt\/wp-json\/wp\/v2\/pages\/40275\/revisions"}],"predecessor-version":[{"id":40305,"href":"https:\/\/cdn.hannover-living.dev\/pt\/wp-json\/wp\/v2\/pages\/40275\/revisions\/40305"}],"wp:attachment":[{"href":"https:\/\/cdn.hannover-living.dev\/pt\/wp-json\/wp\/v2\/media?parent=40275"}],"curies":[{"name":"wp","href":"https:\/\/api.w.org\/{rel}","templated":true}]}}