{"id":40275,"date":"2025-06-23T15:58:49","date_gmt":"2025-06-23T13:58:49","guid":{"rendered":"https:\/\/cdn.hannover-living.dev\/?page_id=40275"},"modified":"2025-06-27T12:38:17","modified_gmt":"2025-06-27T10:38:17","slug":"oswiadczenie-dotyczace-dostepnosci","status":"publish","type":"page","link":"https:\/\/cdn.hannover-living.dev\/pl\/oswiadczenie-dotyczace-dostepnosci\/","title":{"rendered":"Deklaracja w sprawie dost\u0119pno\u015bci"},"content":{"rendered":"<div data-elementor-type=\"wp-page\" data-elementor-id=\"40275\" class=\"elementor elementor-40275\" data-elementor-post-type=\"page\">\n\t\t\t\t<div class=\"elementor-element elementor-element-ebdc5d0 e-flex e-con-boxed e-con e-parent\" data-id=\"ebdc5d0\" data-element_type=\"container\" data-e-type=\"container\">\n\t\t\t\t\t<div class=\"e-con-inner\">\n\t\t\t\t<div class=\"elementor-element elementor-element-da82371 elementor-widget elementor-widget-heading\" data-id=\"da82371\" data-element_type=\"widget\" data-e-type=\"widget\" data-widget_type=\"heading.default\">\n\t\t\t\t<div class=\"elementor-widget-container\">\n\t\t\t\t\t<h1 class=\"elementor-heading-title elementor-size-default\">Deklaracja w sprawie dost\u0119pno\u015bci<\/h1>\t\t\t\t<\/div>\n\t\t\t\t<\/div>\n\t\t\t\t<div class=\"elementor-element elementor-element-d82c378 elementor-widget elementor-widget-text-editor\" data-id=\"d82c378\" data-element_type=\"widget\" data-e-type=\"widget\" data-widget_type=\"text-editor.default\">\n\t\t\t\t<div class=\"elementor-widget-container\">\n\t\t\t\t\t\t\t\t\t<ol><li><strong> Zakres zastosowania<\/strong><\/li><\/ol><p style=\"padding-left: 40px;\">Niniejsza deklaracja dost\u0119pno\u015bci ma zastosowanie do strony internetowej:<br \/><strong>Hannover Marketing and Tourismus GmbH (HMTG)<\/strong><br \/>www.hannover-living.de \/ http:\/\/www.hannover-tourismus.de \/ sklepy internetowe pod adresem welcome.visit-hannover.com<\/p><ol start=\"2\"><li><strong> Podstawa prawna<\/strong><\/li><\/ol><p style=\"padding-left: 40px;\">Ta strona internetowa stara si\u0119 utrzymywa\u0107 swoj\u0105 obecno\u015b\u0107 w sieci zgodnie z <strong>Ustawa o wzmocnieniu dost\u0119pno\u015bci (BFSG)<\/strong> i <strong>Rozporz\u0105dzenie w sprawie technologii informatycznych bez barier (BITV 2.0)<\/strong> dost\u0119pno\u015b\u0107 bez barier.<\/p><ol start=\"3\"><li><strong> Status zgodno\u015bci z wymaganiami<\/strong><\/li><\/ol><p style=\"padding-left: 40px;\">Ta strona jest <strong>Cz\u0119\u015bciowo bez barier<\/strong>. Wymagania BITV 2.0 s\u0105 cz\u0119\u015bciowo spe\u0142nione.<\/p><ol start=\"4\"><li><strong> Metodologia audytu<\/strong><\/li><\/ol><p style=\"padding-left: 40px;\">Kontrola dost\u0119pno\u015bci zosta\u0142a przeprowadzona w ramach projektu <strong>Samoocena<\/strong> przez HMTG. Poszczeg\u00f3lne elementy zosta\u0142y losowo sprawdzone przy u\u017cyciu technicznych narz\u0119dzi testowych. Obecnie planowany jest kompleksowy audyt zewn\u0119trzny.<\/p><ol start=\"5\"><li><strong> Niedost\u0119pna zawarto\u015b\u0107<\/strong><\/li><\/ol><p style=\"padding-left: 40px;\">Niekt\u00f3re obszary s\u0105 obecnie nadal <strong>Nie ca\u0142kowicie bez barier<\/strong>:<\/p><ul><li style=\"list-style-type: none;\"><ul><li><strong>Dokumenty PDF i osadzone multimedia:<\/strong> Niekt\u00f3re starsze pliki PDF nie s\u0105 pozbawione barier. Osadzone filmy r\u00f3wnie\u017c nie zawsze maj\u0105 napisy lub opisy audio.<\/li><li><strong>Teksty alternatywne:<\/strong> Obrazy, zw\u0142aszcza w starszych artyku\u0142ach, czasami nie maj\u0105 wystarczaj\u0105cych tekst\u00f3w alternatywnych.<\/li><li><strong>Kontrasty i nawigacja za pomoc\u0105 klawiatury:<\/strong> Niekt\u00f3re elementy nawigacyjne i projektowe nie maj\u0105 jeszcze wystarczaj\u0105cego kontrastu lub nie s\u0105 w pe\u0142ni dost\u0119pne za pomoc\u0105 klawiatury.<\/li><\/ul><\/li><\/ul><p style=\"padding-left: 40px;\"><strong>Planowane dzia\u0142ania:<\/strong><\/p><ul><li style=\"list-style-type: none;\"><ul><li>Weryfikacja plik\u00f3w PDF i zawarto\u015bci graficznej krok po kroku.<\/li><li>Optymalizacja kontrast\u00f3w kolor\u00f3w i nawigacji.<\/li><li>Integracja dost\u0119pnych element\u00f3w multimedialnych.<\/li><\/ul><\/li><\/ul><p style=\"padding-left: 40px;\"><strong>\u00a0<\/strong><\/p><ol start=\"6\"><li><strong> Alternatywy bez barier<\/strong><\/li><\/ol><p style=\"padding-left: 40px;\">W przypadku tre\u015bci niedost\u0119pnych oferujemy na \u017c\u0105danie <strong>Alternatywne dost\u0119pne formaty<\/strong> (np. dost\u0119pne pliki PDF lub informacje tekstowe). Prosimy o skorzystanie z poni\u017cszej opcji kontaktu.<\/p><ol start=\"7\"><li><strong> Przygotowanie o\u015bwiadczenia<\/strong><\/li><\/ol><p style=\"padding-left: 40px;\">O\u015bwiadczenie to zosta\u0142o wydane w dniu <strong>23 czerwca 2025 r.<\/strong> utworzony i ostatnio zaktualizowany w dniu <strong>23 czerwca 2025 r.<\/strong> zaktualizowany.<\/p><ol start=\"8\"><li><strong> Informacje zwrotne i kontakt<\/strong><\/li><\/ol><p style=\"padding-left: 40px;\">Je\u015bli zauwa\u017cysz jakiekolwiek niedoci\u0105gni\u0119cia w odniesieniu do projektu naszej strony internetowej bez barier lub je\u015bli potrzebujesz informacji na temat tre\u015bci, kt\u00f3re nie s\u0105 wolne od barier, nie wahaj si\u0119 z nami skontaktowa\u0107:<\/p><p style=\"padding-left: 40px;\"><strong>Hannover Marketing and Tourismus GmbH<\/strong><br \/>Vahrenwalder Street 7<br \/>30165 Hanower<br \/>E-mail: <a href=\"mailto:info@hannover-tourismus.de\">info@hannover-tourismus.de<\/a><br \/>Telefon: +49 (0)511 12345-0<\/p><ol start=\"9\"><li><strong> Post\u0119powanie egzekucyjne<\/strong><\/li><\/ol><p style=\"padding-left: 40px;\">Je\u015bli nie otrzymasz satysfakcjonuj\u0105cej odpowiedzi na zapytanie dotycz\u0105ce dost\u0119pno\u015bci tej witryny, mo\u017cesz skontaktowa\u0107 si\u0119 z odpowiednim organem wykonawczym:<\/p><p style=\"padding-left: 40px;\"><strong>Krajowy komisarz ds. dost\u0119pno\u015bci cyfrowej Dolna Saksonia<\/strong><br \/>Ministerstwo Spraw Wewn\u0119trznych i Sportu Dolnej Saksonii<br \/>Hanna-Arendt-Platz 2<br \/>30159 Hannover<br \/>E-mail: <a href=\"mailto:digitale-barrierefreiheit@mi.niedersachsen.de\">digitale-barrierefreiheit@mi.niedersachsen.de<\/a><br \/>Telefon: +49 (0)511 120-0<br \/>Strona internetowa: <a href=\"https:\/\/www.mi.niedersachsen.de\" target=\"_blank\" rel=\"noopener\">www.mi.niedersachsen.de<\/a><\/p>\t\t\t\t\t\t\t\t<\/div>\n\t\t\t\t<\/div>\n\t\t\t\t\t<\/div>\n\t\t\t\t<\/div>\n\t\t\t\t<\/div>","protected":false},"excerpt":{"rendered":"<p>O\u015bwiadczenie o dost\u0119pno\u015bci Zakres zastosowania Niniejsze o\u015bwiadczenie o dost\u0119pno\u015bci ma zastosowanie do strony internetowej:Hannover Marketing und Tourismus GmbH (HMTG)www.hannover-living.de \/ http:\/\/www.hannover-tourismus.de \/ sklepy internetowe pod adresem welcome.visit-hannover.com Podstawa prawna Niniejsza strona internetowa dok\u0142ada wszelkich stara\u0144, aby jej strona internetowa by\u0142a dost\u0119pna zgodnie z Barrierefreiheitsst\u00e4rkungsgesetz (BFSG) i Barrierefreie-Informationstechnik-Verordnung (BITV 2.0). Status zgodno\u015bci z wymaganiami Ta strona internetowa jest [...]<\/p>","protected":false},"author":1,"featured_media":0,"parent":0,"menu_order":0,"comment_status":"closed","ping_status":"closed","template":"","meta":{"footnotes":""},"class_list":["post-40275","page","type-page","status-publish","hentry"],"_links":{"self":[{"href":"https:\/\/cdn.hannover-living.dev\/pl\/wp-json\/wp\/v2\/pages\/40275","targetHints":{"allow":["GET"]}}],"collection":[{"href":"https:\/\/cdn.hannover-living.dev\/pl\/wp-json\/wp\/v2\/pages"}],"about":[{"href":"https:\/\/cdn.hannover-living.dev\/pl\/wp-json\/wp\/v2\/types\/page"}],"author":[{"embeddable":true,"href":"https:\/\/cdn.hannover-living.dev\/pl\/wp-json\/wp\/v2\/users\/1"}],"replies":[{"embeddable":true,"href":"https:\/\/cdn.hannover-living.dev\/pl\/wp-json\/wp\/v2\/comments?post=40275"}],"version-history":[{"count":9,"href":"https:\/\/cdn.hannover-living.dev\/pl\/wp-json\/wp\/v2\/pages\/40275\/revisions"}],"predecessor-version":[{"id":40305,"href":"https:\/\/cdn.hannover-living.dev\/pl\/wp-json\/wp\/v2\/pages\/40275\/revisions\/40305"}],"wp:attachment":[{"href":"https:\/\/cdn.hannover-living.dev\/pl\/wp-json\/wp\/v2\/media?parent=40275"}],"curies":[{"name":"wp","href":"https:\/\/api.w.org\/{rel}","templated":true}]}}