{"id":21222,"date":"2024-01-05T11:57:21","date_gmt":"2024-01-05T10:57:21","guid":{"rendered":"https:\/\/cdn.hannover-living.dev\/?page_id=21222"},"modified":"2024-01-05T11:57:21","modified_gmt":"2024-01-05T10:57:21","slug":"rozrywka-i-wypoczynek-w-regionie","status":"publish","type":"page","link":"https:\/\/cdn.hannover-living.dev\/pl\/rozrywka-i-wypoczynek-w-regionie\/","title":{"rendered":"Przyjemno\u015b\u0107 i wypoczynek w regionie"},"content":{"rendered":"<div data-elementor-type=\"wp-page\" data-elementor-id=\"21222\" class=\"elementor elementor-21222\" data-elementor-post-type=\"page\">\n\t\t\t\t\t\t<section class=\"elementor-section elementor-top-section elementor-element elementor-element-f75ec52 elementor-section-boxed elementor-section-height-default elementor-section-height-default\" data-id=\"f75ec52\" data-element_type=\"section\" data-e-type=\"section\" data-settings=\"{&quot;background_background&quot;:&quot;classic&quot;}\">\n\t\t\t\t\t\t<div class=\"elementor-container elementor-column-gap-no\">\n\t\t\t\t\t<div class=\"elementor-column elementor-col-100 elementor-top-column elementor-element elementor-element-5516c47\" data-id=\"5516c47\" data-element_type=\"column\" data-e-type=\"column\" data-settings=\"{&quot;background_background&quot;:&quot;classic&quot;}\">\n\t\t\t<div class=\"elementor-widget-wrap elementor-element-populated\">\n\t\t\t\t\t\t<section class=\"elementor-section elementor-inner-section elementor-element elementor-element-ece0a55 elementor-section-boxed elementor-section-height-default elementor-section-height-default\" data-id=\"ece0a55\" data-element_type=\"section\" data-e-type=\"section\">\n\t\t\t\t\t\t<div class=\"elementor-container elementor-column-gap-default\">\n\t\t\t\t\t<div class=\"elementor-column elementor-col-100 elementor-inner-column elementor-element elementor-element-5fc1169\" data-id=\"5fc1169\" data-element_type=\"column\" data-e-type=\"column\" data-settings=\"{&quot;background_background&quot;:&quot;classic&quot;}\">\n\t\t\t<div class=\"elementor-widget-wrap elementor-element-populated\">\n\t\t\t\t\t\t<div class=\"elementor-element elementor-element-cd782e1 elementor-cta--skin-cover elementor-hidden-phone elementor-hidden-tablet elementor-animated-content elementor-bg-transform elementor-bg-transform-zoom-in elementor-widget elementor-widget-call-to-action\" data-id=\"cd782e1\" data-element_type=\"widget\" data-e-type=\"widget\" data-isc-images=\"793\" data-widget_type=\"call-to-action.default\">\n\t\t\t\t<div class=\"elementor-widget-container\">\n\t\t\t\t\t\t\t<div class=\"elementor-cta\">\n\t\t\t\t\t<div class=\"elementor-cta__bg-wrapper\">\n\t\t\t\t<div class=\"elementor-cta__bg elementor-bg\" style=\"background-image: url();\" role=\"img\" aria-label=\"\"><\/div>\n\t\t\t\t<div class=\"elementor-cta__bg-overlay\"><\/div>\n\t\t\t<\/div>\n\t\t\t\t\t\t\t<div class=\"elementor-cta__content\">\n\t\t\t\t\n\t\t\t\t\t\t\t\t\t<h2 class=\"elementor-cta__title elementor-cta__content-item elementor-content-item elementor-animated-item--grow\">\n\t\t\t\t\t\tPrzyjemno\u015b\u0107 i wypoczynek w regionie Hanoweru\t\t\t\t\t<\/h2>\n\t\t\t\t\n\t\t\t\t\n\t\t\t\t\t\t\t<\/div>\n\t\t\t\t\t\t<\/div>\n\t\t\t\t\t\t<\/div>\n\t\t\t\t<\/div>\n\t\t\t\t\t<\/div>\n\t\t<\/div>\n\t\t\t\t\t<\/div>\n\t\t<\/section>\n\t\t\t\t\t<\/div>\n\t\t<\/div>\n\t\t\t\t\t<\/div>\n\t\t<\/section>\n\t\t\t\t<section class=\"elementor-section elementor-top-section elementor-element elementor-element-8988e65 elementor-section-boxed elementor-section-height-default elementor-section-height-default\" data-id=\"8988e65\" data-element_type=\"section\" data-e-type=\"section\">\n\t\t\t\t\t\t<div class=\"elementor-container elementor-column-gap-default\">\n\t\t\t\t\t<div class=\"elementor-column elementor-col-100 elementor-top-column elementor-element elementor-element-bf243df\" data-id=\"bf243df\" data-element_type=\"column\" data-e-type=\"column\">\n\t\t\t<div class=\"elementor-widget-wrap elementor-element-populated\">\n\t\t\t\t\t\t<div class=\"elementor-element elementor-element-7ec30f6 elementor-widget elementor-widget-text-editor\" data-id=\"7ec30f6\" data-element_type=\"widget\" data-e-type=\"widget\" data-widget_type=\"text-editor.default\">\n\t\t\t\t<div class=\"elementor-widget-container\">\n\t\t\t\t\t\t\t\t\t<h4>Kulinarne przysmaki, akcja i przyroda w regionie Hanoweru<\/h4><p>Od tradycyjnej kuchni niemieckiej po klub pla\u017cowy nad B\u0142\u0119kitnym Jeziorem - wszystko jest wliczone w cen\u0119. Jako region wypoczynkowy, region Hanoweru oferuje gastronomi\u0119 na ka\u017cdy gust! Nie tylko jedzenie smakuje wyj\u0105tkowo dobrze, ale tak\u017ce atmosfera jest imponuj\u0105ca.<\/p><p>Niezale\u017cnie od tego, czy chodzi o wios\u0142owanie na stoj\u0105co, jazd\u0119 na rowerze, laser tag czy bouldering - w regionie Hanoweru jest wiele miejsc, w kt\u00f3rych mo\u017cna naprawd\u0119 odpocz\u0105\u0107. Zbierz przyjaci\u00f3\u0142 i rodzin\u0119 i sp\u0119d\u017a dzie\u0144 pe\u0142en wra\u017ce\u0144 w regionie Hanoweru.<\/p>\t\t\t\t\t\t\t\t<\/div>\n\t\t\t\t<\/div>\n\t\t\t\t\t<\/div>\n\t\t<\/div>\n\t\t\t\t\t<\/div>\n\t\t<\/section>\n\t\t\t\t<section class=\"elementor-section elementor-top-section elementor-element elementor-element-07f755e elementor-section-boxed elementor-section-height-default elementor-section-height-default\" data-id=\"07f755e\" data-element_type=\"section\" data-e-type=\"section\">\n\t\t\t\t\t\t<div class=\"elementor-container elementor-column-gap-default\">\n\t\t\t\t\t<div class=\"elementor-column elementor-col-100 elementor-top-column elementor-element elementor-element-0920641\" data-id=\"0920641\" data-element_type=\"column\" data-e-type=\"column\">\n\t\t\t<div class=\"elementor-widget-wrap elementor-element-populated\">\n\t\t\t\t\t\t<div class=\"elementor-element elementor-element-7d1383a elementor-widget elementor-widget-spacer\" data-id=\"7d1383a\" data-element_type=\"widget\" data-e-type=\"widget\" data-widget_type=\"spacer.default\">\n\t\t\t\t<div class=\"elementor-widget-container\">\n\t\t\t\t\t\t\t<div class=\"elementor-spacer\">\n\t\t\t<div class=\"elementor-spacer-inner\"><\/div>\n\t\t<\/div>\n\t\t\t\t\t\t<\/div>\n\t\t\t\t<\/div>\n\t\t\t\t\t<\/div>\n\t\t<\/div>\n\t\t\t\t\t<\/div>\n\t\t<\/section>\n\t\t\t\t<section class=\"elementor-section elementor-top-section elementor-element elementor-element-1ef465d elementor-section-boxed elementor-section-height-default elementor-section-height-default\" data-id=\"1ef465d\" data-element_type=\"section\" data-e-type=\"section\">\n\t\t\t\t\t\t<div class=\"elementor-container elementor-column-gap-default\">\n\t\t\t\t\t<div class=\"elementor-column elementor-col-100 elementor-top-column elementor-element elementor-element-669ed99\" data-id=\"669ed99\" data-element_type=\"column\" data-e-type=\"column\">\n\t\t\t<div class=\"elementor-widget-wrap elementor-element-populated\">\n\t\t\t\t\t\t<div class=\"elementor-element elementor-element-5fd0ed6 elementor-widget elementor-widget-text-editor\" data-id=\"5fd0ed6\" data-element_type=\"widget\" data-e-type=\"widget\" data-widget_type=\"text-editor.default\">\n\t\t\t\t<div class=\"elementor-widget-container\">\n\t\t\t\t\t\t\t\t\t<p>Tutaj mo\u017cna znale\u017a\u0107 wszystkie oferty dotycz\u0105ce rozrywki i wypoczynku w regionie Hanoweru: <\/p>\t\t\t\t\t\t\t\t<\/div>\n\t\t\t\t<\/div>\n\t\t\t\t\t<\/div>\n\t\t<\/div>\n\t\t\t\t\t<\/div>\n\t\t<\/section>\n\t\t\t\t<section class=\"elementor-section elementor-top-section elementor-element elementor-element-b3f30b6 elementor-section-boxed elementor-section-height-default elementor-section-height-default\" data-id=\"b3f30b6\" data-element_type=\"section\" data-e-type=\"section\">\n\t\t\t\t\t\t<div class=\"elementor-container elementor-column-gap-default\">\n\t\t\t\t\t<div class=\"elementor-column elementor-col-100 elementor-top-column elementor-element elementor-element-b6df2df\" data-id=\"b6df2df\" data-element_type=\"column\" data-e-type=\"column\">\n\t\t\t<div class=\"elementor-widget-wrap elementor-element-populated\">\n\t\t\t\t\t\t<div class=\"elementor-element elementor-element-a02016a elementor-widget elementor-widget-jet-listing-grid\" data-id=\"a02016a\" data-element_type=\"widget\" data-e-type=\"widget\" data-settings=\"{&quot;columns&quot;:3}\" data-widget_type=\"jet-listing-grid.default\">\n\t\t\t\t<div class=\"elementor-widget-container\">\n\t\t\t\t\t<div class=\"jet-listing-notice\">Wybierz ofert\u0119, aby wy\u015bwietli\u0107.<\/div>\t\t\t\t<\/div>\n\t\t\t\t<\/div>\n\t\t\t\t\t<\/div>\n\t\t<\/div>\n\t\t\t\t\t<\/div>\n\t\t<\/section>\n\t\t\t\t<\/div>","protected":false},"excerpt":{"rendered":"<p>Przyjemno\u015b\u0107 i wypoczynek w regionie Hanoweru Kuchnia, akcja i przyroda w regionie Hanoweru Od tradycyjnej kuchni niemieckiej po kluby pla\u017cowe nad B\u0142\u0119kitnym Jeziorem - wszystko jest wliczone w cen\u0119. Jako region wypoczynkowy, region Hanoweru oferuje gastronomi\u0119 na ka\u017cdy gust! Nie tylko jedzenie smakuje wyj\u0105tkowo dobrze, ale tak\u017ce atmosfera jest imponuj\u0105ca. Niezale\u017cnie od tego, czy chodzi o wios\u0142owanie na stoj\u0105co, jazd\u0119 na rowerze, [...]<\/p>","protected":false},"author":6,"featured_media":0,"parent":0,"menu_order":0,"comment_status":"closed","ping_status":"closed","template":"","meta":{"footnotes":""},"class_list":["post-21222","page","type-page","status-publish","hentry"],"_links":{"self":[{"href":"https:\/\/cdn.hannover-living.dev\/pl\/wp-json\/wp\/v2\/pages\/21222","targetHints":{"allow":["GET"]}}],"collection":[{"href":"https:\/\/cdn.hannover-living.dev\/pl\/wp-json\/wp\/v2\/pages"}],"about":[{"href":"https:\/\/cdn.hannover-living.dev\/pl\/wp-json\/wp\/v2\/types\/page"}],"author":[{"embeddable":true,"href":"https:\/\/cdn.hannover-living.dev\/pl\/wp-json\/wp\/v2\/users\/6"}],"replies":[{"embeddable":true,"href":"https:\/\/cdn.hannover-living.dev\/pl\/wp-json\/wp\/v2\/comments?post=21222"}],"version-history":[{"count":0,"href":"https:\/\/cdn.hannover-living.dev\/pl\/wp-json\/wp\/v2\/pages\/21222\/revisions"}],"wp:attachment":[{"href":"https:\/\/cdn.hannover-living.dev\/pl\/wp-json\/wp\/v2\/media?parent=21222"}],"curies":[{"name":"wp","href":"https:\/\/api.w.org\/{rel}","templated":true}]}}