{"id":40275,"date":"2025-06-23T15:58:49","date_gmt":"2025-06-23T13:58:49","guid":{"rendered":"https:\/\/cdn.hannover-living.dev\/?page_id=40275"},"modified":"2025-06-27T12:38:17","modified_gmt":"2025-06-27T10:38:17","slug":"%ec%a0%91%ea%b7%bc%ec%84%b1-%ec%84%a0%ec%96%b8","status":"publish","type":"page","link":"https:\/\/cdn.hannover-living.dev\/ko\/%ec%a0%91%ea%b7%bc%ec%84%b1-%ec%84%a0%ec%96%b8\/","title":{"rendered":"\uc811\uadfc\uc131\uc5d0 \ub300\ud55c \uc120\uc5b8"},"content":{"rendered":"<div data-elementor-type=\"wp-page\" data-elementor-id=\"40275\" class=\"elementor elementor-40275\" data-elementor-post-type=\"page\">\n\t\t\t\t<div class=\"elementor-element elementor-element-ebdc5d0 e-flex e-con-boxed e-con e-parent\" data-id=\"ebdc5d0\" data-element_type=\"container\" data-e-type=\"container\">\n\t\t\t\t\t<div class=\"e-con-inner\">\n\t\t\t\t<div class=\"elementor-element elementor-element-da82371 elementor-widget elementor-widget-heading\" data-id=\"da82371\" data-element_type=\"widget\" data-e-type=\"widget\" data-widget_type=\"heading.default\">\n\t\t\t\t<div class=\"elementor-widget-container\">\n\t\t\t\t\t<h1 class=\"elementor-heading-title elementor-size-default\">\uc811\uadfc\uc131\uc5d0 \ub300\ud55c \uc120\uc5b8<\/h1>\t\t\t\t<\/div>\n\t\t\t\t<\/div>\n\t\t\t\t<div class=\"elementor-element elementor-element-d82c378 elementor-widget elementor-widget-text-editor\" data-id=\"d82c378\" data-element_type=\"widget\" data-e-type=\"widget\" data-widget_type=\"text-editor.default\">\n\t\t\t\t<div class=\"elementor-widget-container\">\n\t\t\t\t\t\t\t\t\t<ol><li><strong> \uc801\uc6a9 \ubc94\uc704<\/strong><\/li><\/ol><p style=\"padding-left: 40px;\">\uc811\uadfc\uc131\uc5d0 \ub300\ud55c \uc774 \uc120\uc5b8\uc740 \uc6f9\uc0ac\uc774\ud2b8\uc5d0 \uc801\uc6a9\ub429\ub2c8\ub2e4:<br \/><strong>\ud558\ub178\ubc84 \ub9c8\ucf00\ud305 \ubc0f \uad00\uad11\uccad(HMTG)<\/strong><br \/>www.hannover-living.de \/ http:\/\/www.hannover-tourismus.de \/ \uc628\ub77c\uc778 \uc0c1\uc810 welcome.visit-hannover.com<\/p><ol start=\"2\"><li><strong> \ubc95\uc801 \uadfc\uac70<\/strong><\/li><\/ol><p style=\"padding-left: 40px;\">\uc774 \uc6f9\uc0ac\uc774\ud2b8\ub294 \ub2e4\uc74c\uacfc \uac19\uc740 \uc6f9 \uc0ac\uc774\ud2b8\ub97c \uc720\uc9c0\ud558\uae30 \uc704\ud574 \ub178\ub825\ud569\ub2c8\ub2e4. <strong>\uc811\uadfc\uc131 \uac15\ud654\ubc95(BFSG)<\/strong> \ubc0f <strong>\uc7a5\uc560\ubb3c \uc5c6\ub294 \uc815\ubcf4 \uae30\uc220 \uc870\ub840(BITV 2.0)<\/strong> \uc7a5\uc560\ubb3c \uc5c6\ub294 \uc811\uadfc\uc131.<\/p><ol start=\"3\"><li><strong> \uc694\uad6c \uc0ac\ud56d\uacfc\uc758 \ud638\ud658\uc131 \uc0c1\ud0dc<\/strong><\/li><\/ol><p style=\"padding-left: 40px;\">\uc774 \uc6f9\uc0ac\uc774\ud2b8\ub294 <strong>\ubd80\ubd84\uc801\uc73c\ub85c \uc7a5\uc560\ubb3c \uc5c6\ub294<\/strong>. BITV 2.0\uc758 \uc694\uad6c \uc0ac\ud56d\uc740 \ubd80\ubd84\uc801\uc73c\ub85c \ucda9\uc871\ub429\ub2c8\ub2e4.<\/p><ol start=\"4\"><li><strong> \uac10\uc0ac \ubc29\ubc95\ub860<\/strong><\/li><\/ol><p style=\"padding-left: 40px;\">\uc774\ubc88 \uc811\uadfc\uc131 \uc810\uac80\uc740 <strong>\uc790\uccb4 \ud3c9\uac00<\/strong> \uc5d0 \uc758\ud574 \ud14c\uc2a4\ud2b8\ub418\uc5c8\uc2b5\ub2c8\ub2e4. \uac1c\ubcc4 \uc694\uc18c\ub294 \uae30\uc220 \ud14c\uc2a4\ud2b8 \ub3c4\uad6c\ub97c \uc0ac\uc6a9\ud558\uc5ec \ubb34\uc791\uc704\ub85c \uc810\uac80\ud588\uc2b5\ub2c8\ub2e4. \ud604\uc7ac \uc885\ud569\uc801\uc778 \uc678\ubd80 \uac10\uc0ac\ub97c \uacc4\ud68d \uc911\uc785\ub2c8\ub2e4.<\/p><ol start=\"5\"><li><strong> \uc561\uc138\uc2a4\ud560 \uc218 \uc5c6\ub294 \ucf58\ud150\uce20<\/strong><\/li><\/ol><p style=\"padding-left: 40px;\">\uc77c\ubd80 \uc9c0\uc5ed\uc740 \ud604\uc7ac \uc5ec\uc804\ud788 <strong>\uc644\uc804\ud55c \ubc30\ub9ac\uc5b4 \ud504\ub9ac\ub294 \uc544\ub2d9\ub2c8\ub2e4.<\/strong>:<\/p><ul><li style=\"list-style-type: none;\"><ul><li><strong>PDF \ubb38\uc11c \ubc0f \uc784\ubca0\ub514\ub4dc \ubbf8\ub514\uc5b4:<\/strong> \uc77c\ubd80 \uc624\ub798\ub41c PDF \ud30c\uc77c\uc740 \ubc30\ub9ac\uc5b4\ud504\ub9ac\ub97c \uc9c0\uc6d0\ud558\uc9c0 \uc54a\uc2b5\ub2c8\ub2e4. \uc784\ubca0\ub514\ub4dc \ub3d9\uc601\uc0c1\uc5d0 \ud56d\uc0c1 \uc790\ub9c9\uc774\ub098 \uc624\ub514\uc624 \uc124\uba85\uc774 \uc788\ub294 \uac83\uc740 \uc544\ub2d9\ub2c8\ub2e4.<\/li><li><strong>\ub300\uccb4 \ud14d\uc2a4\ud2b8:<\/strong> \ud2b9\ud788 \uc624\ub798\ub41c \uae00\uc758 \uacbd\uc6b0 \uc774\ubbf8\uc9c0\uc5d0 \ub300\uccb4 \ud14d\uc2a4\ud2b8\uac00 \ucda9\ubd84\ud558\uc9c0 \uc54a\uc740 \uacbd\uc6b0\uac00 \uc788\uc2b5\ub2c8\ub2e4.<\/li><li><strong>\ub300\ube44 \ubc0f \ud0a4\ubcf4\ub4dc \ud0d0\uc0c9:<\/strong> \ud2b9\uc815 \ud0d0\uc0c9 \ubc0f \ub514\uc790\uc778 \uc694\uc18c\ub294 \uc544\uc9c1 \uc804\uccb4\uc801\uc73c\ub85c \ub300\ube44\uac00 \ucda9\ubd84\ud558\uc9c0 \uc54a\uac70\ub098 \ud0a4\ubcf4\ub4dc\ub97c \ud1b5\ud574 \uc644\uc804\ud788 \uc561\uc138\uc2a4\ud560 \uc218 \uc5c6\uc2b5\ub2c8\ub2e4.<\/li><\/ul><\/li><\/ul><p style=\"padding-left: 40px;\"><strong>\uacc4\ud68d\ub41c \uc870\uce58:<\/strong><\/p><ul><li style=\"list-style-type: none;\"><ul><li>PDF \ubc0f \uc774\ubbf8\uc9c0 \ucf58\ud150\uce20\uc758 \ub2e8\uacc4\ubcc4 \uc218\uc815.<\/li><li>\uc0c9\uc0c1 \ub300\ube44 \ubc0f \ud0d0\uc0c9 \ucd5c\uc801\ud654.<\/li><li>\uc811\uadfc \uac00\ub2a5\ud55c \uba40\ud2f0\ubbf8\ub514\uc5b4 \uc694\uc18c\uc758 \ud1b5\ud569.<\/li><\/ul><\/li><\/ul><p style=\"padding-left: 40px;\"><strong>\u00a0<\/strong><\/p><ol start=\"6\"><li><strong> \uc7a5\uc560\ubb3c \uc5c6\ub294 \ub300\uc548<\/strong><\/li><\/ol><p style=\"padding-left: 40px;\">\uc811\uadfc\uc774 \ubd88\uac00\ub2a5\ud55c \ucf58\ud150\uce20\uc758 \uacbd\uc6b0 \uc694\uccad \uc2dc \uc81c\uacf5\ud569\ub2c8\ub2e4. <strong>\ub300\uccb4 \uc811\uadfc \uac00\ub2a5\ud55c \ud615\uc2dd<\/strong> (\uc608: \uc561\uc138\uc2a4 \uac00\ub2a5\ud55c PDF \ub610\ub294 \ud14d\uc2a4\ud2b8 \uae30\ubc18 \uc815\ubcf4). \uc544\ub798 \uc5f0\ub77d\ucc98 \uc635\uc158\uc744 \uc774\uc6a9\ud558\uc138\uc694.<\/p><ol start=\"7\"><li><strong> \uc2e0\uace0\uc11c \uc791\uc131<\/strong><\/li><\/ol><p style=\"padding-left: 40px;\">\uc774 \uc120\uc5b8\uc740 \ub2e4\uc74c \ub0a0\uc9dc\uc5d0 \ubc1c\ud45c\ub418\uc5c8\uc2b5\ub2c8\ub2e4. <strong>2025\ub144 6\uc6d4 23\uc77c<\/strong> \uc0dd\uc131 \ubc0f \ub9c8\uc9c0\ub9c9 \uc5c5\ub370\uc774\ud2b8 \ub0a0\uc9dc <strong>2025\ub144 6\uc6d4 23\uc77c<\/strong> \uc5c5\ub370\uc774\ud2b8\ub418\uc5c8\uc2b5\ub2c8\ub2e4.<\/p><ol start=\"8\"><li><strong> \ud53c\ub4dc\ubc31 \ubc0f \uc5f0\ub77d\ucc98<\/strong><\/li><\/ol><p style=\"padding-left: 40px;\">\uc6f9\uc0ac\uc774\ud2b8\uc758 \uc811\uadfc\uc131 \ub514\uc790\uc778\uacfc \uad00\ub828\ud558\uc5ec \ubbf8\ube44\uc810\uc744 \ubc1c\uacac\ud558\uac70\ub098 \uc811\uadfc\uc774 \ubd88\uac00\ub2a5\ud55c \ucf58\ud150\uce20\uc5d0 \ub300\ud55c \uc815\ubcf4\uac00 \ud544\uc694\ud55c \uacbd\uc6b0 \uc8fc\uc800\ud558\uc9c0 \ub9d0\uace0 \ubb38\uc758\ud574 \uc8fc\uc138\uc694:<\/p><p style=\"padding-left: 40px;\"><strong>\ud558\ub178\ubc84 \ub9c8\ucf00\ud305 \ubc0f \uad00\uad11\uccad GmbH<\/strong><br \/>\ubc14\ub80c\ubc1c\ub354 \uac70\ub9ac 7<br \/>30165 \ud558\ub178\ubc84<br \/>\uc774\uba54\uc77c: <a href=\"mailto:info@hannover-tourismus.de\">info@hannover-tourismus.de<\/a><br \/>\uc804\ud654: +49 (0)511 12345-0<\/p><ol start=\"9\"><li><strong> \uac15\uc81c \uc9d1\ud589 \uc808\ucc28<\/strong><\/li><\/ol><p style=\"padding-left: 40px;\">\ubcf8 \uc6f9\uc0ac\uc774\ud2b8\uc5d0 \ub300\ud55c \uc811\uadfc\uc131 \ubb38\uc758\uc5d0 \ub300\ud574 \ub9cc\uc871\uc2a4\ub7ec\uc6b4 \ub2f5\ubcc0\uc744 \ubc1b\uc9c0 \ubabb\ud55c \uacbd\uc6b0 \uad00\ub828 \uc9d1\ud589 \uae30\uad00\uc5d0 \ubb38\uc758\ud558\uc2e4 \uc218 \uc788\uc2b5\ub2c8\ub2e4:<\/p><p style=\"padding-left: 40px;\"><strong>\ub2c8\ub354\uc791\uc13c\uc8fc \ub514\uc9c0\ud138 \uc811\uadfc\uc131 \uc8fc \uc704\uc6d0<\/strong><br \/>\ub2c8\ub354\uc791\uc13c \ub0b4\ubb34\ubd80 \ubc0f \uccb4\uc721\ubd80<br \/>\ud55c\ub098-\ub80c\ud2b8-\ud50c\ub77c\uce20 2<br \/>30159 \ud558\ub178\ubc84<br \/>\uc774\uba54\uc77c: <a href=\"mailto:digitale-barrierefreiheit@mi.niedersachsen.de\">digitale-barrierefreiheit@mi.niedersachsen.de<\/a><br \/>\uc804\ud654: +49 (0)511 120-0<br \/>\uc6f9\uc0ac\uc774\ud2b8: <a href=\"https:\/\/www.mi.niedersachsen.de\" target=\"_blank\" rel=\"noopener\">www.mi.niedersachsen.de<\/a><\/p>\t\t\t\t\t\t\t\t<\/div>\n\t\t\t\t<\/div>\n\t\t\t\t\t<\/div>\n\t\t\t\t<\/div>\n\t\t\t\t<\/div>","protected":false},"excerpt":{"rendered":"<p>Erkl\u00e4rung zur Barrierefreiheit Geltungsbereich Diese Erkl\u00e4rung zur Barrierefreiheit gilt f\u00fcr den Webauftritt der:Hannover Marketing und Tourismus GmbH (HMTG)www.hannover-living.de \/ http:\/\/www.hannover-tourismus.de \/ Onlinshops unter welcome.visit-hannover.com Rechtsgrundlagen Diese Website ist bem\u00fcht, ihren Webauftritt im Einklang mit dem Barrierefreiheitsst\u00e4rkungsgesetz (BFSG) und der Barrierefreie-Informationstechnik-Verordnung (BITV 2.0) barrierefrei zug\u00e4nglich zu machen. Stand der Vereinbarkeit mit den Anforderungen Dieser Webauftritt ist [&hellip;]<\/p>","protected":false},"author":1,"featured_media":0,"parent":0,"menu_order":0,"comment_status":"closed","ping_status":"closed","template":"","meta":{"footnotes":""},"class_list":["post-40275","page","type-page","status-publish","hentry"],"_links":{"self":[{"href":"https:\/\/cdn.hannover-living.dev\/ko\/wp-json\/wp\/v2\/pages\/40275","targetHints":{"allow":["GET"]}}],"collection":[{"href":"https:\/\/cdn.hannover-living.dev\/ko\/wp-json\/wp\/v2\/pages"}],"about":[{"href":"https:\/\/cdn.hannover-living.dev\/ko\/wp-json\/wp\/v2\/types\/page"}],"author":[{"embeddable":true,"href":"https:\/\/cdn.hannover-living.dev\/ko\/wp-json\/wp\/v2\/users\/1"}],"replies":[{"embeddable":true,"href":"https:\/\/cdn.hannover-living.dev\/ko\/wp-json\/wp\/v2\/comments?post=40275"}],"version-history":[{"count":9,"href":"https:\/\/cdn.hannover-living.dev\/ko\/wp-json\/wp\/v2\/pages\/40275\/revisions"}],"predecessor-version":[{"id":40305,"href":"https:\/\/cdn.hannover-living.dev\/ko\/wp-json\/wp\/v2\/pages\/40275\/revisions\/40305"}],"wp:attachment":[{"href":"https:\/\/cdn.hannover-living.dev\/ko\/wp-json\/wp\/v2\/media?parent=40275"}],"curies":[{"name":"wp","href":"https:\/\/api.w.org\/{rel}","templated":true}]}}