{"id":40275,"date":"2025-06-23T15:58:49","date_gmt":"2025-06-23T13:58:49","guid":{"rendered":"https:\/\/cdn.hannover-living.dev\/?page_id=40275"},"modified":"2025-06-27T12:38:17","modified_gmt":"2025-06-27T10:38:17","slug":"declaration-relative-a-laccessibilite","status":"publish","type":"page","link":"https:\/\/cdn.hannover-living.dev\/fr\/declaration-relative-a-laccessibilite\/","title":{"rendered":"D\u00e9claration d'accessibilit\u00e9"},"content":{"rendered":"<div data-elementor-type=\"wp-page\" data-elementor-id=\"40275\" class=\"elementor elementor-40275\" data-elementor-post-type=\"page\">\n\t\t\t\t<div class=\"elementor-element elementor-element-ebdc5d0 e-flex e-con-boxed e-con e-parent\" data-id=\"ebdc5d0\" data-element_type=\"container\" data-e-type=\"container\">\n\t\t\t\t\t<div class=\"e-con-inner\">\n\t\t\t\t<div class=\"elementor-element elementor-element-da82371 elementor-widget elementor-widget-heading\" data-id=\"da82371\" data-element_type=\"widget\" data-e-type=\"widget\" data-widget_type=\"heading.default\">\n\t\t\t\t<div class=\"elementor-widget-container\">\n\t\t\t\t\t<h1 class=\"elementor-heading-title elementor-size-default\">D\u00e9claration d'accessibilit\u00e9<\/h1>\t\t\t\t<\/div>\n\t\t\t\t<\/div>\n\t\t\t\t<div class=\"elementor-element elementor-element-d82c378 elementor-widget elementor-widget-text-editor\" data-id=\"d82c378\" data-element_type=\"widget\" data-e-type=\"widget\" data-widget_type=\"text-editor.default\">\n\t\t\t\t<div class=\"elementor-widget-container\">\n\t\t\t\t\t\t\t\t\t<ol><li><strong> Champ d'application<\/strong><\/li><\/ol><p style=\"padding-left: 40px;\">La pr\u00e9sente d\u00e9claration d'accessibilit\u00e9 s'applique au site web de la :<br \/><strong>Hannover Marketing und Tourismus GmbH (HMTG)<\/strong><br \/>www.hannover-living.de \/ http:\/\/www.hannover-tourismus.de \/ boutiques en ligne sur welcome.visit-hannover.com<\/p><ol start=\"2\"><li><strong> Bases juridiques<\/strong><\/li><\/ol><p style=\"padding-left: 40px;\">Ce site web s'efforce de maintenir sa pr\u00e9sence sur le web en accord avec le <strong>Loi sur le renforcement de l'accessibilit\u00e9 (LRAH)<\/strong> et le <strong>Ordonnance sur les technologies de l'information sans barri\u00e8re (BITV 2.0)<\/strong> de les rendre accessibles aux personnes handicap\u00e9es.<\/p><ol start=\"3\"><li><strong> \u00c9tat de la compatibilit\u00e9 avec les exigences<\/strong><\/li><\/ol><p style=\"padding-left: 40px;\">Ce site web est <strong>partiellement accessible<\/strong>. Les exigences du BITV 2.0 sont partiellement remplies.<\/p><ol start=\"4\"><li><strong> M\u00e9thodologie de l'examen<\/strong><\/li><\/ol><p style=\"padding-left: 40px;\">Le contr\u00f4le de l'accessibilit\u00e9 a \u00e9t\u00e9 effectu\u00e9 dans le cadre d'une <strong>Auto-\u00e9valuation<\/strong> par le HMTG. Certains \u00e9l\u00e9ments ont \u00e9t\u00e9 contr\u00f4l\u00e9s de mani\u00e8re al\u00e9atoire \u00e0 l'aide d'outils de contr\u00f4le techniques. Un contr\u00f4le externe complet est actuellement en cours de planification.<\/p><ol start=\"5\"><li><strong> Contenus non accessibles<\/strong><\/li><\/ol><p style=\"padding-left: 40px;\">Certains domaines sont actuellement <strong>pas enti\u00e8rement accessible<\/strong>:<\/p><ul><li style=\"list-style-type: none;\"><ul><li><strong>Documents PDF et m\u00e9dias int\u00e9gr\u00e9s :<\/strong> Les anciens fichiers PDF ne sont parfois pas accessibles. De m\u00eame, les vid\u00e9os int\u00e9gr\u00e9es ne disposent pas toujours de sous-titres ou d'une description audio.<\/li><li><strong>Textes alternatifs :<\/strong> Les images, en particulier dans les contributions plus anciennes, ne disposent pas toujours de textes alternatifs suffisants.<\/li><li><strong>Contrastes &amp; navigation au clavier :<\/strong> Certains \u00e9l\u00e9ments de navigation et de design ne pr\u00e9sentent pas encore un contraste suffisant sur toute leur longueur ou ne sont pas enti\u00e8rement accessibles au clavier.<\/li><\/ul><\/li><\/ul><p style=\"padding-left: 40px;\"><strong>Mesures pr\u00e9vues :<\/strong><\/p><ul><li style=\"list-style-type: none;\"><ul><li>R\u00e9vision progressive des PDF et du contenu des images.<\/li><li>Optimisation des contrastes de couleurs et de la navigation.<\/li><li>Int\u00e9gration d'\u00e9l\u00e9ments multim\u00e9dias accessibles.<\/li><\/ul><\/li><\/ul><p style=\"padding-left: 40px;\"><strong>\u00a0<\/strong><\/p><ol start=\"6\"><li><strong> Alternatives accessibles<\/strong><\/li><\/ol><p style=\"padding-left: 40px;\">Pour les contenus non accessibles, nous proposons sur demande <strong>autres formats accessibles<\/strong> (p. ex. des PDF accessibles ou des informations textuelles). Veuillez utiliser \u00e0 cet effet l'option de contact ci-dessous.<\/p><ol start=\"7\"><li><strong> \u00c9tablissement de la d\u00e9claration<\/strong><\/li><\/ol><p style=\"padding-left: 40px;\">Cette d\u00e9claration a \u00e9t\u00e9 faite le <strong>23 juin 2025<\/strong> et derni\u00e8rement le <strong>23 juin 2025<\/strong> mis \u00e0 jour.<\/p><ol start=\"8\"><li><strong> Feedback et contact<\/strong><\/li><\/ol><p style=\"padding-left: 40px;\">Si vous remarquez des lacunes dans l'accessibilit\u00e9 de notre site web ou si vous avez besoin d'informations sur des contenus non accessibles, n'h\u00e9sitez pas \u00e0 nous contacter :<\/p><p style=\"padding-left: 40px;\"><strong>Hannover Marketing und Tourismus GmbH<\/strong><br \/>7, rue Vahrenwalder<br \/>30165 Hanovre<br \/>Courrier \u00e9lectronique : <a href=\"mailto:info@hannover-tourismus.de\">info@hannover-tourismus.de<\/a><br \/>T\u00e9l\u00e9phone : +49 (0)511 12345-0<\/p><ol start=\"9\"><li><strong> Proc\u00e9dure d'ex\u00e9cution<\/strong><\/li><\/ol><p style=\"padding-left: 40px;\">Si vous n'obtenez pas de r\u00e9ponse satisfaisante \u00e0 une demande concernant l'accessibilit\u00e9 de ce site, n'h\u00e9sitez pas \u00e0 contacter l'organisme charg\u00e9 de faire appliquer la loi :<\/p><p style=\"padding-left: 40px;\"><strong>Commissaire \u00e0 l'accessibilit\u00e9 num\u00e9rique du Land de Basse-Saxe<\/strong><br \/>Minist\u00e8re de l'Int\u00e9rieur et des Sports de Basse-Saxe<br \/>2, place Hanna-Arendt<br \/>30159 Hannover<br \/>Courrier \u00e9lectronique : <a href=\"mailto:digitale-barrierefreiheit@mi.niedersachsen.de\">digitale-barrierefreiheit@mi.niedersachsen.de<\/a><br \/>T\u00e9l\u00e9phone : +49 (0)511 120-0<br \/>Site web : <a href=\"https:\/\/www.mi.niedersachsen.de\" target=\"_blank\" rel=\"noopener\">www.mi.niedersachsen.de<\/a><\/p>\t\t\t\t\t\t\t\t<\/div>\n\t\t\t\t<\/div>\n\t\t\t\t\t<\/div>\n\t\t\t\t<\/div>\n\t\t\t\t<\/div>","protected":false},"excerpt":{"rendered":"<p>D\u00e9claration d'accessibilit\u00e9 Champ d'application Cette d\u00e9claration d'accessibilit\u00e9 s'applique au site web de:Hannover Marketing und Tourismus GmbH (HMTG)www.hannover-living.de \/ http:\/\/www.hannover-tourismus.de \/ boutiques en ligne sur welcome.visit-hannover.com Bases l\u00e9gales Ce site web s'efforce de rendre son site accessible \u00e0 tous, conform\u00e9ment \u00e0 la loi sur le renforcement de l'accessibilit\u00e9 (BFSG) et \u00e0 l'ordonnance sur les technologies de l'information sans barri\u00e8re (BITV 2.0). \u00c9tat de la compatibilit\u00e9 Ce site web est [...].<\/p>","protected":false},"author":1,"featured_media":0,"parent":0,"menu_order":0,"comment_status":"closed","ping_status":"closed","template":"","meta":{"footnotes":""},"class_list":["post-40275","page","type-page","status-publish","hentry"],"_links":{"self":[{"href":"https:\/\/cdn.hannover-living.dev\/fr\/wp-json\/wp\/v2\/pages\/40275","targetHints":{"allow":["GET"]}}],"collection":[{"href":"https:\/\/cdn.hannover-living.dev\/fr\/wp-json\/wp\/v2\/pages"}],"about":[{"href":"https:\/\/cdn.hannover-living.dev\/fr\/wp-json\/wp\/v2\/types\/page"}],"author":[{"embeddable":true,"href":"https:\/\/cdn.hannover-living.dev\/fr\/wp-json\/wp\/v2\/users\/1"}],"replies":[{"embeddable":true,"href":"https:\/\/cdn.hannover-living.dev\/fr\/wp-json\/wp\/v2\/comments?post=40275"}],"version-history":[{"count":9,"href":"https:\/\/cdn.hannover-living.dev\/fr\/wp-json\/wp\/v2\/pages\/40275\/revisions"}],"predecessor-version":[{"id":40305,"href":"https:\/\/cdn.hannover-living.dev\/fr\/wp-json\/wp\/v2\/pages\/40275\/revisions\/40305"}],"wp:attachment":[{"href":"https:\/\/cdn.hannover-living.dev\/fr\/wp-json\/wp\/v2\/media?parent=40275"}],"curies":[{"name":"wp","href":"https:\/\/api.w.org\/{rel}","templated":true}]}}