{"id":566,"date":"2016-03-03T20:40:56","date_gmt":"2016-03-03T19:40:56","guid":{"rendered":"http:\/\/web53.s259.goserver.host\/?page_id=566"},"modified":"2026-01-13T13:19:33","modified_gmt":"2026-01-13T11:19:33","slug":"impressum","status":"publish","type":"page","link":"https:\/\/cdn.hannover-living.dev\/fi\/impressum\/","title":{"rendered":"J\u00e4lki"},"content":{"rendered":"<div class=\"fl-col-group fl-node-5c5add02ac5bd\" data-node=\"5c5add02ac5bd\">\n<div class=\"fl-col fl-node-5c5add02ac5be\" data-node=\"5c5add02ac5be\">\n<div class=\"fl-col-content fl-node-content\">\n<div class=\"fl-module fl-module-heading fl-node-5c5add02ac5c1\" data-node=\"5c5add02ac5c1\">\n<div class=\"fl-module-content fl-node-content\">\n<h1 class=\"fl-heading\"><span class=\"fl-heading-text\">J\u00e4lki<\/span><\/h1>\n<\/div>\n<\/div>\n<\/div>\n<\/div>\n<\/div>\n<div class=\"fl-col-group fl-node-5c5add02ac5c5\" data-node=\"5c5add02ac5c5\">\n<div class=\"fl-col fl-node-5c5add02ac5c6\" data-node=\"5c5add02ac5c6\">\n<div class=\"fl-col-content fl-node-content\">\n<div class=\"fl-module fl-module-rich-text fl-node-5c5add02ac5bc\" data-node=\"5c5add02ac5bc\">\n<div class=\"fl-module-content fl-node-content\">\n<div class=\"fl-rich-text\">\n<h3>DDG:n 5 \u00a7:n mukaiset tiedot<\/h3>\n<\/div>\n<\/div>\n<\/div>\n<\/div>\n<\/div>\n<\/div>\n<p>Hannover Marketing and Tourismus GmbH<br \/>\nToimitusjohtaja:<br \/>\nChristian Katz<br \/>\nVahrenwalder Street 7<br \/>\n30165 Hanover<br \/>\nS\u00e4hk\u00f6posti:\u00a0<a id=\"cryptemail_50a25944b67ac\" title=\"info@hannover-tourismus.de\" href=\"mailto:info@hannover-tourismus.de\">info@hannover-tourismus.de<\/a><br \/>\nPuhelin: +49 511 12349-00<br \/>\nFaksi: +49 511 123490-10<\/p>\n<p class=\"emark\"><strong>Yhteystiedot:<\/strong><br \/>\nDoreen Schmidtchen<br \/>\nPuhelin: +49 511 168 349-31<br \/>\nFaksi: +49 511 123490-10<br \/>\nS\u00e4hk\u00f6posti: schmidtchen@hannover-marketing.de<\/p>\n<p>Kaupparekisteri: B-osasto nro 59223.<br \/>\nRekisterituomioistuin: Hanover<\/p>\n<p><strong>Myyntiverotunniste<\/strong><br \/>\nMyyntiverolain 27 a \u00a7:n mukainen liikevaihtoverotunniste:<br \/>\nDE211133985<\/p>\n<p><strong>EU:n riitojenratkaisu<br \/>\n<\/strong>Euroopan komissio tarjoaa foorumin verkkov\u00e4litteist\u00e4 riidanratkaisua varten:\u00a0<a href=\"https:\/\/ec.europa.eu\/consumers\/odr\" target=\"_blank\" rel=\"noopener noreferrer\">https:\/\/ec.europa.eu\/consumers\/odr<\/a>.<br \/>\nS\u00e4hk\u00f6postiosoitteemme l\u00f6yd\u00e4t yll\u00e4 olevasta oikeudellisesta ilmoituksesta.<\/p>\n<p><strong>Vastuu sis\u00e4ll\u00f6st\u00e4<br \/>\n<\/strong>Palveluntarjoajana olemme vastuussa n\u00e4iden sivujen sis\u00e4ll\u00f6st\u00e4 DDG:n 7 \u00a7:n 1 momentin ja yleisen lains\u00e4\u00e4d\u00e4nn\u00f6n mukaisesti. Palveluntarjoajana emme kuitenkaan ole DDG:n 8-10 \u00a7:n mukaan velvollisia valvomaan siirrettyj\u00e4 tai tallennettuja kolmansien osapuolten tietoja tai tutkimaan olosuhteita, jotka viittaavat laittomaan toimintaan.<\/p>\n<p>T\u00e4m\u00e4 ei vaikuta yleisen lains\u00e4\u00e4d\u00e4nn\u00f6n mukaisiin velvollisuuksiin poistaa tai est\u00e4\u00e4 tietojen k\u00e4ytt\u00f6. Vastuu t\u00e4ss\u00e4 suhteessa on kuitenkin mahdollista vasta siit\u00e4 l\u00e4htien, kun saamme tiet\u00e4\u00e4 tietyst\u00e4 rikkomuksesta. Heti kun saamme tiet\u00e4\u00e4 t\u00e4llaisista rikkomuksista, poistamme kyseisen sis\u00e4ll\u00f6n v\u00e4litt\u00f6m\u00e4sti.<\/p>\n<p><strong>Linkkien vastuu<br \/>\n<\/strong>Verkkosivustomme sis\u00e4lt\u00e4\u00e4 linkkej\u00e4 kolmansien osapuolten ulkopuolisille verkkosivustoille, joiden sis\u00e4lt\u00f6\u00f6n emme voi vaikuttaa. Siksi emme voi ottaa mit\u00e4\u00e4n vastuuta n\u00e4ist\u00e4 kolmansien osapuolten sis\u00e4ll\u00f6ist\u00e4. Linkitettyjen sivujen sis\u00e4ll\u00f6st\u00e4 on aina vastuussa kyseisten sivujen tarjoaja tai yll\u00e4pit\u00e4j\u00e4. Linkitetyt sivut on tarkistettu mahdollisten lainrikkomusten varalta linkitt\u00e4mishetkell\u00e4. Laitonta sis\u00e4lt\u00f6\u00e4 ei ollut tunnistettavissa linkitt\u00e4mishetkell\u00e4.<\/p>\n<p>Linkitettyjen sivujen sis\u00e4ll\u00f6n jatkuva seuranta ei kuitenkaan ole j\u00e4rkev\u00e4\u00e4 ilman konkreettisia todisteita rikkomuksesta. Jos saamme tietoiseksi lainrikkomuksista, poistamme t\u00e4llaiset linkit v\u00e4litt\u00f6m\u00e4sti.<\/p>\n<p><strong>Tekij\u00e4noikeus<br \/>\n<\/strong>Sivuston yll\u00e4pit\u00e4jien n\u00e4ill\u00e4 sivuilla luoma sis\u00e4lt\u00f6 ja teokset ovat Saksan tekij\u00e4noikeuslain alaisia. Monistaminen, k\u00e4sittely, jakelu ja kaikenlainen k\u00e4ytt\u00f6 tekij\u00e4noikeuslain rajojen ulkopuolella edellytt\u00e4\u00e4 asianomaisen tekij\u00e4n tai luojan kirjallista suostumusta. T\u00e4m\u00e4n sivuston lataaminen ja kopioiminen on sallittua vain yksityiseen, ei-kaupalliseen k\u00e4ytt\u00f6\u00f6n.<\/p>\n<p>Silt\u00e4 osin kuin t\u00e4m\u00e4n sivuston sis\u00e4lt\u00f6 ei ole operaattorin luomaa, kolmansien osapuolten tekij\u00e4noikeuksia kunnioitetaan. Erityisesti kolmansien osapuolten sis\u00e4lt\u00f6 on merkitty sellaiseksi. Jos kuitenkin havaitset tekij\u00e4noikeusrikkomuksen, ilmoita siit\u00e4 meille. Jos saamme tiet\u00e4\u00e4 tekij\u00e4noikeusrikkomuksista, poistamme t\u00e4llaisen sis\u00e4ll\u00f6n v\u00e4litt\u00f6m\u00e4sti.<\/p>\n<p>Hannover Marketing &amp; Tourismus GmbH:n verkkosivuillaan tarjoamia tietoja seurataan jatkuvasti ja p\u00e4ivitet\u00e4\u00e4n jatkuvasti. On kuitenkin mahdollista, ett\u00e4 tiedot ovat huolellisesta tarkistuksesta huolimatta muuttuneet. T\u00e4st\u00e4 syyst\u00e4 Hannover Marketing &amp; Tourismus GmbH ei ota vastuuta eik\u00e4 takaa n\u00e4ill\u00e4 sivuilla annettujen tietojen oikeellisuutta, t\u00e4ydellisyytt\u00e4 ja ajantasaisuutta. T\u00e4m\u00e4 koskee my\u00f6s kaikkia sivustoja, joihin t\u00e4ll\u00e4 sivustolla on hyperlinkki. Hannover Marketing &amp; Tourismus GmbH ei ole vastuussa n\u00e4iden sivustojen sis\u00e4ll\u00f6st\u00e4.<\/p>","protected":false},"excerpt":{"rendered":"<p>J\u00e4ljenn\u00f6s \u00a7 5 mukaiset tiedot DDG Hannover Marketing und Tourismus GmbH Toimitusjohtaja: Christian Katz Vahrenwalder Stra\u00dfe 7 30165 Hannover E-Mail: info@hannover-tourismus.de Puhelin: +49 511 12349-00 Faksi: +49 511 123490-10 Yhteystiedot: Doreen Schmidtchen Puhelin: +49 511 168 349-31 Faksi: +49 511 123490-10 S\u00e4hk\u00f6posti: schmidtchen@hannover-marketing.de Kaupparekisteri: B-osasto N:o 59223 Rekisterituomioistuin: Hannover Arvonlis\u00e4verotunniste Arvonlis\u00e4verotunniste \u00a7 27 a mukaan [...]<\/p>","protected":false},"author":3,"featured_media":0,"parent":0,"menu_order":3,"comment_status":"closed","ping_status":"closed","template":"","meta":{"footnotes":""},"class_list":["post-566","page","type-page","status-publish","hentry"],"_links":{"self":[{"href":"https:\/\/cdn.hannover-living.dev\/fi\/wp-json\/wp\/v2\/pages\/566","targetHints":{"allow":["GET"]}}],"collection":[{"href":"https:\/\/cdn.hannover-living.dev\/fi\/wp-json\/wp\/v2\/pages"}],"about":[{"href":"https:\/\/cdn.hannover-living.dev\/fi\/wp-json\/wp\/v2\/types\/page"}],"author":[{"embeddable":true,"href":"https:\/\/cdn.hannover-living.dev\/fi\/wp-json\/wp\/v2\/users\/3"}],"replies":[{"embeddable":true,"href":"https:\/\/cdn.hannover-living.dev\/fi\/wp-json\/wp\/v2\/comments?post=566"}],"version-history":[{"count":2,"href":"https:\/\/cdn.hannover-living.dev\/fi\/wp-json\/wp\/v2\/pages\/566\/revisions"}],"predecessor-version":[{"id":44329,"href":"https:\/\/cdn.hannover-living.dev\/fi\/wp-json\/wp\/v2\/pages\/566\/revisions\/44329"}],"wp:attachment":[{"href":"https:\/\/cdn.hannover-living.dev\/fi\/wp-json\/wp\/v2\/media?parent=566"}],"curies":[{"name":"wp","href":"https:\/\/api.w.org\/{rel}","templated":true}]}}