{"id":40275,"date":"2025-06-23T15:58:49","date_gmt":"2025-06-23T13:58:49","guid":{"rendered":"https:\/\/cdn.hannover-living.dev\/?page_id=40275"},"modified":"2025-06-27T12:38:17","modified_gmt":"2025-06-27T10:38:17","slug":"esteettoemyysseloste","status":"publish","type":"page","link":"https:\/\/cdn.hannover-living.dev\/fi\/esteettoemyysseloste\/","title":{"rendered":"Julkilausuma esteett\u00f6myydest\u00e4"},"content":{"rendered":"<div data-elementor-type=\"wp-page\" data-elementor-id=\"40275\" class=\"elementor elementor-40275\" data-elementor-post-type=\"page\">\n\t\t\t\t<div class=\"elementor-element elementor-element-ebdc5d0 e-flex e-con-boxed e-con e-parent\" data-id=\"ebdc5d0\" data-element_type=\"container\" data-e-type=\"container\">\n\t\t\t\t\t<div class=\"e-con-inner\">\n\t\t\t\t<div class=\"elementor-element elementor-element-da82371 elementor-widget elementor-widget-heading\" data-id=\"da82371\" data-element_type=\"widget\" data-e-type=\"widget\" data-widget_type=\"heading.default\">\n\t\t\t\t<div class=\"elementor-widget-container\">\n\t\t\t\t\t<h1 class=\"elementor-heading-title elementor-size-default\">Julkilausuma esteett\u00f6myydest\u00e4<\/h1>\t\t\t\t<\/div>\n\t\t\t\t<\/div>\n\t\t\t\t<div class=\"elementor-element elementor-element-d82c378 elementor-widget elementor-widget-text-editor\" data-id=\"d82c378\" data-element_type=\"widget\" data-e-type=\"widget\" data-widget_type=\"text-editor.default\">\n\t\t\t\t<div class=\"elementor-widget-container\">\n\t\t\t\t\t\t\t\t\t<ol><li><strong> Soveltamisala<\/strong><\/li><\/ol><p style=\"padding-left: 40px;\">T\u00e4t\u00e4 saavutettavuusjulistusta sovelletaan seuraaviin verkkosivustoihin:<br \/><strong>Hannover Marketing and Tourismus GmbH (HMTG)<\/strong><br \/>www.hannover-living.de \/ http:\/\/www.hannover-tourismus.de \/ verkkokaupat osoitteessa welcome.visit-hannover.com.<\/p><ol start=\"2\"><li><strong> Oikeusperusta<\/strong><\/li><\/ol><p style=\"padding-left: 40px;\">T\u00e4m\u00e4 verkkosivusto pyrkii yll\u00e4pit\u00e4m\u00e4\u00e4n verkkopalvelujaan seuraavien standardien mukaisesti <strong>Laki esteett\u00f6myyden parantamisesta (BFSG)<\/strong> ja <strong>Esteet\u00f6n tietotekniikka-asetus (BITV 2.0)<\/strong> esteet\u00f6n saavutettavuus.<\/p><ol start=\"3\"><li><strong> Vaatimusten mukaisuuden tila<\/strong><\/li><\/ol><p style=\"padding-left: 40px;\">T\u00e4m\u00e4 sivusto on <strong>Osittain esteet\u00f6n<\/strong>. BITV 2.0:n vaatimukset t\u00e4yttyv\u00e4t osittain.<\/p><ol start=\"4\"><li><strong> Tarkastuksen metodologia<\/strong><\/li><\/ol><p style=\"padding-left: 40px;\">Saavutettavuustarkastus suoritettiin osana <strong>Itsearviointi<\/strong> HMTG. Yksitt\u00e4iset osat tarkastettiin satunnaisesti teknisten testausv\u00e4lineiden avulla. Kattavaa ulkoista tarkastusta suunnitellaan parhaillaan.<\/p><ol start=\"5\"><li><strong> Sis\u00e4lt\u00f6, johon ei p\u00e4\u00e4se k\u00e4siksi<\/strong><\/li><\/ol><p style=\"padding-left: 40px;\">Jotkin alueet ovat t\u00e4ll\u00e4 hetkell\u00e4 viel\u00e4 <strong>Ei t\u00e4ysin esteet\u00f6n<\/strong>:<\/p><ul><li style=\"list-style-type: none;\"><ul><li><strong>PDF-dokumentit ja upotetut mediat:<\/strong> Jotkin vanhemmat PDF-tiedostot eiv\u00e4t ole esteett\u00f6mi\u00e4. Upotetuissa videoissa ei my\u00f6sk\u00e4\u00e4n aina ole tekstityst\u00e4 tai \u00e4\u00e4nikuvausta.<\/li><li><strong>Vaihtoehtoiset tekstit:<\/strong> Kuvissa, erityisesti vanhemmissa artikkeleissa, ei toisinaan ole riitt\u00e4v\u00e4sti vaihtoehtoisia tekstej\u00e4.<\/li><li><strong>Kontrastit ja n\u00e4pp\u00e4imist\u00f6n navigointi:<\/strong> Tietyiss\u00e4 navigointi- ja muotoiluelementeiss\u00e4 ei ole viel\u00e4 riitt\u00e4v\u00e4sti kontrastia tai ne eiv\u00e4t ole t\u00e4ysin k\u00e4ytett\u00e4viss\u00e4 n\u00e4pp\u00e4imist\u00f6ll\u00e4.<\/li><\/ul><\/li><\/ul><p style=\"padding-left: 40px;\"><strong>Suunnitellut toimenpiteet:<\/strong><\/p><ul><li style=\"list-style-type: none;\"><ul><li>PDF-tiedostojen ja kuvasis\u00e4ll\u00f6n vaiheittainen tarkistaminen.<\/li><li>V\u00e4rikontrastien ja navigoinnin optimointi.<\/li><li>Esteett\u00f6mien multimediaelementtien integrointi.<\/li><\/ul><\/li><\/ul><p style=\"padding-left: 40px;\"><strong>\u00a0<\/strong><\/p><ol start=\"6\"><li><strong> Esteett\u00f6m\u00e4t vaihtoehdot<\/strong><\/li><\/ol><p style=\"padding-left: 40px;\">Jos sis\u00e4lt\u00f6 ei ole esteet\u00f6nt\u00e4, tarjoamme pyydett\u00e4ess\u00e4 seuraavat palvelut <strong>Vaihtoehtoiset saavutettavat muodot<\/strong> (esim. helppok\u00e4ytt\u00f6iset PDF-tiedostot tai tekstipohjaiset tiedot). K\u00e4yt\u00e4 alla olevaa yhteydenottovaihtoehtoa.<\/p><ol start=\"7\"><li><strong> Ilmoituksen valmistelu<\/strong><\/li><\/ol><p style=\"padding-left: 40px;\">T\u00e4m\u00e4 julistus annettiin <strong>23 kes\u00e4kuuta 2025<\/strong> luotu ja viimeksi p\u00e4ivitetty <strong>23 kes\u00e4kuuta 2025<\/strong> p\u00e4ivitetty.<\/p><ol start=\"8\"><li><strong> Palaute ja yhteystiedot<\/strong><\/li><\/ol><p style=\"padding-left: 40px;\">Jos huomaat puutteita verkkosivustomme esteett\u00f6m\u00e4ss\u00e4 suunnittelussa tai jos tarvitset tietoa esteett\u00f6m\u00e4st\u00e4 sis\u00e4ll\u00f6st\u00e4, ota meihin yhteytt\u00e4:<\/p><p style=\"padding-left: 40px;\"><strong>Hannover Marketing and Tourismus GmbH<\/strong><br \/>Vahrenwalder Street 7<br \/>30165 Hanover<br \/>S\u00e4hk\u00f6posti: <a href=\"mailto:info@hannover-tourismus.de\">info@hannover-tourismus.de<\/a><br \/>Puhelin: +49 (0)511 12345-0<\/p><ol start=\"9\"><li><strong> T\u00e4yt\u00e4nt\u00f6\u00f6npanomenettelyt<\/strong><\/li><\/ol><p style=\"padding-left: 40px;\">Jos et saa tyydytt\u00e4v\u00e4\u00e4 vastausta t\u00e4t\u00e4 verkkosivustoa koskevaan esteett\u00f6myyskyselyyn, voit ottaa yhteytt\u00e4 asianomaiseen t\u00e4yt\u00e4nt\u00f6\u00f6npanoelimeen:<\/p><p style=\"padding-left: 40px;\"><strong>Digitaalisesta saavutettavuudesta vastaava osavaltion komissaari Ala-Saksin osavaltio<\/strong><br \/>Ala-Saksin sis\u00e4- ja urheiluministeri\u00f6<br \/>Hanna-Arendt-Platz 2<br \/>30159 Hannover<br \/>S\u00e4hk\u00f6posti: <a href=\"mailto:digitale-barrierefreiheit@mi.niedersachsen.de\">digitale-barrierefreiheit@mi.niedersachsen.de<\/a><br \/>Puhelin: +49 (0)511 120-0<br \/>Verkkosivusto: <a href=\"https:\/\/www.mi.niedersachsen.de\" target=\"_blank\" rel=\"noopener\">www.mi.niedersachsen.de<\/a><\/p>\t\t\t\t\t\t\t\t<\/div>\n\t\t\t\t<\/div>\n\t\t\t\t\t<\/div>\n\t\t\t\t<\/div>\n\t\t\t\t<\/div>","protected":false},"excerpt":{"rendered":"<p>Esteett\u00f6myysvakuutus Soveltamisala T\u00e4m\u00e4 esteett\u00f6myysvakuutus koskee seuraavia verkkosivustoja:Hannover Marketing und Tourismus GmbH (HMTG)www.hannover-living.de \/ http:\/\/www.hannover-tourismus.de \/ verkkokaupat osoitteessa welcome.visit-hannover.com Oikeusperusta T\u00e4m\u00e4 verkkosivusto pyrkii tekem\u00e4\u00e4n verkkosivustostaan esteett\u00f6m\u00e4n Barrierefreiheitsst\u00e4rkungsgesetzin (BFSG) ja Barrierefreie-Informationstechnik-Verordnungin (BITV 2.0) mukaisesti. Vaatimusten mukaisuuden tila T\u00e4m\u00e4 verkkosivusto on [...]<\/p>","protected":false},"author":1,"featured_media":0,"parent":0,"menu_order":0,"comment_status":"closed","ping_status":"closed","template":"","meta":{"footnotes":""},"class_list":["post-40275","page","type-page","status-publish","hentry"],"_links":{"self":[{"href":"https:\/\/cdn.hannover-living.dev\/fi\/wp-json\/wp\/v2\/pages\/40275","targetHints":{"allow":["GET"]}}],"collection":[{"href":"https:\/\/cdn.hannover-living.dev\/fi\/wp-json\/wp\/v2\/pages"}],"about":[{"href":"https:\/\/cdn.hannover-living.dev\/fi\/wp-json\/wp\/v2\/types\/page"}],"author":[{"embeddable":true,"href":"https:\/\/cdn.hannover-living.dev\/fi\/wp-json\/wp\/v2\/users\/1"}],"replies":[{"embeddable":true,"href":"https:\/\/cdn.hannover-living.dev\/fi\/wp-json\/wp\/v2\/comments?post=40275"}],"version-history":[{"count":9,"href":"https:\/\/cdn.hannover-living.dev\/fi\/wp-json\/wp\/v2\/pages\/40275\/revisions"}],"predecessor-version":[{"id":40305,"href":"https:\/\/cdn.hannover-living.dev\/fi\/wp-json\/wp\/v2\/pages\/40275\/revisions\/40305"}],"wp:attachment":[{"href":"https:\/\/cdn.hannover-living.dev\/fi\/wp-json\/wp\/v2\/media?parent=40275"}],"curies":[{"name":"wp","href":"https:\/\/api.w.org\/{rel}","templated":true}]}}