{"id":40275,"date":"2025-06-23T15:58:49","date_gmt":"2025-06-23T13:58:49","guid":{"rendered":"https:\/\/cdn.hannover-living.dev\/?page_id=40275"},"modified":"2025-06-27T12:38:17","modified_gmt":"2025-06-27T10:38:17","slug":"declaracion-sobre-accesibilidad","status":"publish","type":"page","link":"https:\/\/cdn.hannover-living.dev\/es\/declaracion-sobre-accesibilidad\/","title":{"rendered":"Declaraci\u00f3n sobre accesibilidad"},"content":{"rendered":"<div data-elementor-type=\"wp-page\" data-elementor-id=\"40275\" class=\"elementor elementor-40275\" data-elementor-post-type=\"page\">\n\t\t\t\t<div class=\"elementor-element elementor-element-ebdc5d0 e-flex e-con-boxed e-con e-parent\" data-id=\"ebdc5d0\" data-element_type=\"container\" data-e-type=\"container\">\n\t\t\t\t\t<div class=\"e-con-inner\">\n\t\t\t\t<div class=\"elementor-element elementor-element-da82371 elementor-widget elementor-widget-heading\" data-id=\"da82371\" data-element_type=\"widget\" data-e-type=\"widget\" data-widget_type=\"heading.default\">\n\t\t\t\t<div class=\"elementor-widget-container\">\n\t\t\t\t\t<h1 class=\"elementor-heading-title elementor-size-default\">Declaraci\u00f3n sobre accesibilidad<\/h1>\t\t\t\t<\/div>\n\t\t\t\t<\/div>\n\t\t\t\t<div class=\"elementor-element elementor-element-d82c378 elementor-widget elementor-widget-text-editor\" data-id=\"d82c378\" data-element_type=\"widget\" data-e-type=\"widget\" data-widget_type=\"text-editor.default\">\n\t\t\t\t<div class=\"elementor-widget-container\">\n\t\t\t\t\t\t\t\t\t<ol><li><strong> \u00c1mbito de aplicaci\u00f3n<\/strong><\/li><\/ol><p style=\"padding-left: 40px;\">La presente declaraci\u00f3n sobre accesibilidad se aplica al sitio web del:<br \/><strong>Hannover Marketing y Tourismus GmbH (HMTG)<\/strong><br \/>www.hannover-living.de \/ http:\/\/www.hannover-tourismus.de \/ tiendas en l\u00ednea en welcome.visit-hannover.com<\/p><ol start=\"2\"><li><strong> Base jur\u00eddica<\/strong><\/li><\/ol><p style=\"padding-left: 40px;\">Este sitio web se esfuerza por mantener su presencia en la red de conformidad con la <strong>Ley de Refuerzo de la Accesibilidad (BFSG)<\/strong> y el <strong>Ordenanza sobre tecnolog\u00edas de la informaci\u00f3n sin barreras (BITV 2.0)<\/strong> accesibilidad sin barreras.<\/p><ol start=\"3\"><li><strong> Estado de compatibilidad con los requisitos<\/strong><\/li><\/ol><p style=\"padding-left: 40px;\">Este sitio web es <strong>Parcialmente sin barreras<\/strong>. Los requisitos de BITV 2.0 se cumplen parcialmente.<\/p><ol start=\"4\"><li><strong> Metodolog\u00eda de la auditor\u00eda<\/strong><\/li><\/ol><p style=\"padding-left: 40px;\">El control de accesibilidad se llev\u00f3 a cabo en el marco de un <strong>Autoevaluaci\u00f3n<\/strong> por el HMTG. Los elementos individuales se comprobaron aleatoriamente utilizando herramientas de comprobaci\u00f3n t\u00e9cnica. Actualmente se est\u00e1 planificando una auditor\u00eda externa exhaustiva.<\/p><ol start=\"5\"><li><strong> Contenidos no accesibles<\/strong><\/li><\/ol><p style=\"padding-left: 40px;\">En la actualidad, algunas zonas siguen <strong>No completamente sin barreras<\/strong>:<\/p><ul><li style=\"list-style-type: none;\"><ul><li><strong>Documentos PDF y medios incrustados:<\/strong> Algunos archivos PDF antiguos no est\u00e1n libres de barreras. Los v\u00eddeos incrustados no siempre tienen subt\u00edtulos o descripciones de audio.<\/li><li><strong>Textos alternativos:<\/strong> Las im\u00e1genes, sobre todo en art\u00edculos antiguos, a veces no tienen suficientes textos alternativos.<\/li><li><strong>Contrastes y navegaci\u00f3n por teclado:<\/strong> Algunos elementos de navegaci\u00f3n y dise\u00f1o a\u00fan no tienen suficiente contraste en toda su extensi\u00f3n o no son totalmente accesibles a trav\u00e9s del teclado.<\/li><\/ul><\/li><\/ul><p style=\"padding-left: 40px;\"><strong>Medidas previstas:<\/strong><\/p><ul><li style=\"list-style-type: none;\"><ul><li>Revisi\u00f3n paso a paso de PDF y contenido de im\u00e1genes.<\/li><li>Optimizaci\u00f3n de los contrastes de color y la navegaci\u00f3n.<\/li><li>Integraci\u00f3n de elementos multimedia accesibles.<\/li><\/ul><\/li><\/ul><p style=\"padding-left: 40px;\"><strong>\u00a0<\/strong><\/p><ol start=\"6\"><li><strong> Alternativas sin barreras<\/strong><\/li><\/ol><p style=\"padding-left: 40px;\">Para los contenidos no accesibles ofrecemos, previa solicitud <strong>Formatos accesibles alternativos<\/strong> (por ejemplo, PDF accesibles o informaci\u00f3n basada en texto). Utilice la opci\u00f3n de contacto que figura a continuaci\u00f3n.<\/p><ol start=\"7\"><li><strong> Preparaci\u00f3n de la declaraci\u00f3n<\/strong><\/li><\/ol><p style=\"padding-left: 40px;\">Esta declaraci\u00f3n se emiti\u00f3 el <strong>23 de junio de 2025<\/strong> creado y actualizado por \u00faltima vez el <strong>23 de junio de 2025<\/strong> actualizado.<\/p><ol start=\"8\"><li><strong> Comentarios y contacto<\/strong><\/li><\/ol><p style=\"padding-left: 40px;\">Si observa alguna deficiencia en relaci\u00f3n con el dise\u00f1o sin barreras de nuestro sitio web o si necesita informaci\u00f3n sobre contenidos que no est\u00e1n libres de barreras, no dude en ponerse en contacto con nosotros:<\/p><p style=\"padding-left: 40px;\"><strong>Hannover Marketing y Tourismus GmbH<\/strong><br \/>Calle Vahrenwalder 7<br \/>30165 Hannover<br \/>correo electr\u00f3nico: <a href=\"mailto:info@hannover-tourismus.de\">info@hannover-tourismus.de<\/a><br \/>Tel\u00e9fono: +49 (0)511 12345-0<\/p><ol start=\"9\"><li><strong> Procedimientos de ejecuci\u00f3n<\/strong><\/li><\/ol><p style=\"padding-left: 40px;\">Si no recibe una respuesta satisfactoria a una consulta de accesibilidad sobre este sitio web, puede ponerse en contacto con el organismo competente:<\/p><p style=\"padding-left: 40px;\"><strong>Comisario Estatal de Accesibilidad Digital Baja Sajonia<\/strong><br \/>Ministerio de Interior y Deporte de Baja Sajonia<br \/>Hanna-Arendt-Platz 2<br \/>30159 Hannover<br \/>correo electr\u00f3nico: <a href=\"mailto:digitale-barrierefreiheit@mi.niedersachsen.de\">digitale-barrierefreiheit@mi.niedersachsen.de<\/a><br \/>Tel\u00e9fono: +49 (0)511 120-0<br \/>P\u00e1gina web: <a href=\"https:\/\/www.mi.niedersachsen.de\" target=\"_blank\" rel=\"noopener\">www.mi.niedersachsen.de<\/a><\/p>\t\t\t\t\t\t\t\t<\/div>\n\t\t\t\t<\/div>\n\t\t\t\t\t<\/div>\n\t\t\t\t<\/div>\n\t\t\t\t<\/div>","protected":false},"excerpt":{"rendered":"<p>Declaraci\u00f3n sobre accesibilidad \u00c1mbito de aplicaci\u00f3n La presente declaraci\u00f3n sobre accesibilidad se aplica al sitio web de:Hannover Marketing und Tourismus GmbH (HMTG)www.hannover-living.de \/ http:\/\/www.hannover-tourismus.de \/ tiendas online en welcome.visit-hannover.com Base jur\u00eddica Este sitio web se esfuerza por hacer su sitio web accesible de conformidad con la Barrierefreiheitsst\u00e4rkungsgesetz (BFSG) y la Barrierefreie-Informationstechnik-Verordnung (BITV 2.0). Estado de compatibilidad con los requisitos Este sitio web es [...]<\/p>","protected":false},"author":1,"featured_media":0,"parent":0,"menu_order":0,"comment_status":"closed","ping_status":"closed","template":"","meta":{"footnotes":""},"class_list":["post-40275","page","type-page","status-publish","hentry"],"_links":{"self":[{"href":"https:\/\/cdn.hannover-living.dev\/es\/wp-json\/wp\/v2\/pages\/40275","targetHints":{"allow":["GET"]}}],"collection":[{"href":"https:\/\/cdn.hannover-living.dev\/es\/wp-json\/wp\/v2\/pages"}],"about":[{"href":"https:\/\/cdn.hannover-living.dev\/es\/wp-json\/wp\/v2\/types\/page"}],"author":[{"embeddable":true,"href":"https:\/\/cdn.hannover-living.dev\/es\/wp-json\/wp\/v2\/users\/1"}],"replies":[{"embeddable":true,"href":"https:\/\/cdn.hannover-living.dev\/es\/wp-json\/wp\/v2\/comments?post=40275"}],"version-history":[{"count":9,"href":"https:\/\/cdn.hannover-living.dev\/es\/wp-json\/wp\/v2\/pages\/40275\/revisions"}],"predecessor-version":[{"id":40305,"href":"https:\/\/cdn.hannover-living.dev\/es\/wp-json\/wp\/v2\/pages\/40275\/revisions\/40305"}],"wp:attachment":[{"href":"https:\/\/cdn.hannover-living.dev\/es\/wp-json\/wp\/v2\/media?parent=40275"}],"curies":[{"name":"wp","href":"https:\/\/api.w.org\/{rel}","templated":true}]}}