{"id":40275,"date":"2025-06-23T15:58:49","date_gmt":"2025-06-23T13:58:49","guid":{"rendered":"https:\/\/cdn.hannover-living.dev\/?page_id=40275"},"modified":"2025-06-27T12:38:17","modified_gmt":"2025-06-27T10:38:17","slug":"erklaering-om-tilgaengelighed","status":"publish","type":"page","link":"https:\/\/cdn.hannover-living.dev\/da\/erklaering-om-tilgaengelighed\/","title":{"rendered":"Erkl\u00e6ring om tilg\u00e6ngelighed"},"content":{"rendered":"<div data-elementor-type=\"wp-page\" data-elementor-id=\"40275\" class=\"elementor elementor-40275\" data-elementor-post-type=\"page\">\n\t\t\t\t<div class=\"elementor-element elementor-element-ebdc5d0 e-flex e-con-boxed e-con e-parent\" data-id=\"ebdc5d0\" data-element_type=\"container\" data-e-type=\"container\">\n\t\t\t\t\t<div class=\"e-con-inner\">\n\t\t\t\t<div class=\"elementor-element elementor-element-da82371 elementor-widget elementor-widget-heading\" data-id=\"da82371\" data-element_type=\"widget\" data-e-type=\"widget\" data-widget_type=\"heading.default\">\n\t\t\t\t<div class=\"elementor-widget-container\">\n\t\t\t\t\t<h1 class=\"elementor-heading-title elementor-size-default\">Erkl\u00e6ring om tilg\u00e6ngelighed<\/h1>\t\t\t\t<\/div>\n\t\t\t\t<\/div>\n\t\t\t\t<div class=\"elementor-element elementor-element-d82c378 elementor-widget elementor-widget-text-editor\" data-id=\"d82c378\" data-element_type=\"widget\" data-e-type=\"widget\" data-widget_type=\"text-editor.default\">\n\t\t\t\t<div class=\"elementor-widget-container\">\n\t\t\t\t\t\t\t\t\t<ol><li><strong> Anvendelsesomr\u00e5de<\/strong><\/li><\/ol><p style=\"padding-left: 40px;\">Denne erkl\u00e6ring om tilg\u00e6ngelighed g\u00e6lder for hjemmesiden for:<br \/><strong>Hannover Marketing and Tourismus GmbH (HMTG)<\/strong><br \/>www.hannover-living.de \/ http:\/\/www.hannover-tourismus.de \/ online butikker p\u00e5 welcome.visit-hannover.com<\/p><ol start=\"2\"><li><strong> Juridisk grundlag<\/strong><\/li><\/ol><p style=\"padding-left: 40px;\">Dette websted bestr\u00e6ber sig p\u00e5 at opretholde sin tilstedev\u00e6relse p\u00e5 nettet i overensstemmelse med <strong>Lov om styrkelse af tilg\u00e6ngelighed (BFSG)<\/strong> og den <strong>Forordning om barrierefri informationsteknologi (BITV 2.0)<\/strong> barrierefri tilg\u00e6ngelighed.<\/p><ol start=\"3\"><li><strong> Status for kompatibilitet med kravene<\/strong><\/li><\/ol><p style=\"padding-left: 40px;\">Denne hjemmeside er <strong>Delvis barrierefri<\/strong>. Kravene i BITV 2.0 er delvist opfyldt.<\/p><ol start=\"4\"><li><strong> Metodologi for revisionen<\/strong><\/li><\/ol><p style=\"padding-left: 40px;\">Tilg\u00e6ngelighedstjekket blev udf\u00f8rt som en del af en <strong>Selvevaluering<\/strong> af HMTG. Individuelle elementer blev tilf\u00e6ldigt kontrolleret ved hj\u00e6lp af tekniske testv\u00e6rkt\u00f8jer. En omfattende ekstern revision er i \u00f8jeblikket under planl\u00e6gning.<\/p><ol start=\"5\"><li><strong> Ikke-tilg\u00e6ngeligt indhold<\/strong><\/li><\/ol><p style=\"padding-left: 40px;\">Nogle omr\u00e5der er i \u00f8jeblikket stadig <strong>Ikke helt barrierefri<\/strong>:<\/p><ul><li style=\"list-style-type: none;\"><ul><li><strong>PDF-dokumenter og indlejrede medier:<\/strong> Nogle \u00e6ldre PDF-filer er ikke barrierefri. Indlejrede videoer har heller ikke altid undertekster eller lydbeskrivelser.<\/li><li><strong>Alternative tekster:<\/strong> Billeder, is\u00e6r i \u00e6ldre artikler, har nogle gange ikke tilstr\u00e6kkelige alternative tekster.<\/li><li><strong>Kontraster og tastaturnavigation:<\/strong> Visse navigations- og designelementer har endnu ikke tilstr\u00e6kkelig kontrast hele vejen igennem eller er ikke fuldt tilg\u00e6ngelige via tastaturet.<\/li><\/ul><\/li><\/ul><p style=\"padding-left: 40px;\"><strong>Planlagte foranstaltninger:<\/strong><\/p><ul><li style=\"list-style-type: none;\"><ul><li>Trinvis revision af PDF'er og billedindhold.<\/li><li>Optimering af farvekontraster og navigation.<\/li><li>Integration af tilg\u00e6ngelige multimedieelementer.<\/li><\/ul><\/li><\/ul><p style=\"padding-left: 40px;\"><strong>\u00a0<\/strong><\/p><ol start=\"6\"><li><strong> Barrierefri alternativer<\/strong><\/li><\/ol><p style=\"padding-left: 40px;\">For ikke-tilg\u00e6ngeligt indhold tilbyder vi p\u00e5 anmodning <strong>Alternative tilg\u00e6ngelige formater<\/strong> (f.eks. tilg\u00e6ngelige PDF'er eller tekstbaseret information). Brug venligst kontaktmuligheden nedenfor.<\/p><ol start=\"7\"><li><strong> Forberedelse af erkl\u00e6ringen<\/strong><\/li><\/ol><p style=\"padding-left: 40px;\">Denne erkl\u00e6ring blev udstedt den <strong>23. juni 2025<\/strong> oprettet og sidst opdateret den <strong>23. juni 2025<\/strong> opdateret.<\/p><ol start=\"8\"><li><strong> Feedback og kontakt<\/strong><\/li><\/ol><p style=\"padding-left: 40px;\">Hvis du opdager mangler med hensyn til det tilg\u00e6ngelige design af vores websted, eller hvis du har brug for oplysninger om ikke-tilg\u00e6ngeligt indhold, er du velkommen til at kontakte os:<\/p><p style=\"padding-left: 40px;\"><strong>Hannover Marketing og Tourismus GmbH<\/strong><br \/>Vahrenwalder Street 7<br \/>30165 Hanover<br \/>e-mail: <a href=\"mailto:info@hannover-tourismus.de\">info@hannover-tourismus.de<\/a><br \/>Telefon: +49 (0)511 12345-0<\/p><ol start=\"9\"><li><strong> H\u00e5ndh\u00e6velsesprocedurer<\/strong><\/li><\/ol><p style=\"padding-left: 40px;\">Hvis du ikke f\u00e5r et tilfredsstillende svar p\u00e5 en foresp\u00f8rgsel om tilg\u00e6ngelighed p\u00e5 dette websted, er du velkommen til at kontakte det relevante h\u00e5ndh\u00e6velsesorgan:<\/p><p style=\"padding-left: 40px;\"><strong>Delstatskommiss\u00e6r for digital tilg\u00e6ngelighed i Niedersachsen<\/strong><br \/>Niedersachsens indenrigs- og sportsministerium<br \/>Hanna-Arendt-Platz 2<br \/>30159 Hannover<br \/>e-mail: <a href=\"mailto:digitale-barrierefreiheit@mi.niedersachsen.de\">digitale-barrierefreiheit@mi.niedersachsen.de<\/a><br \/>Telefon: +49 (0)511 120-0<br \/>Hjemmeside: <a href=\"https:\/\/www.mi.niedersachsen.de\" target=\"_blank\" rel=\"noopener\">www.mi.niedersachsen.de<\/a><\/p>\t\t\t\t\t\t\t\t<\/div>\n\t\t\t\t<\/div>\n\t\t\t\t\t<\/div>\n\t\t\t\t<\/div>\n\t\t\t\t<\/div>","protected":false},"excerpt":{"rendered":"<p>Erkl\u00e6ring om tilg\u00e6ngelighed G\u00e6ldende omr\u00e5de Denne erkl\u00e6ring om tilg\u00e6ngelighed g\u00e6lder for hjemmesiden til: Hannover Marketing und Tourismus GmbH (HMTG)www.hannover-living.de \/ http:\/\/www.hannover-tourismus.de \/ Onlinshops under welcome.visit-hannover.com Retsgrundlag Denne hjemmeside bestr\u00e6ber sig p\u00e5 at g\u00f8re sin hjemmeside tilg\u00e6ngelig i overensstemmelse med loven om styrkelse af tilg\u00e6ngelighed (BFSG) og forordningen om tilg\u00e6ngelig informationsteknologi (BITV 2.0). Status for overensstemmelse med kravene Denne hjemmeside er [\u2026]<\/p>","protected":false},"author":1,"featured_media":0,"parent":0,"menu_order":0,"comment_status":"closed","ping_status":"closed","template":"","meta":{"footnotes":""},"class_list":["post-40275","page","type-page","status-publish","hentry"],"_links":{"self":[{"href":"https:\/\/cdn.hannover-living.dev\/da\/wp-json\/wp\/v2\/pages\/40275","targetHints":{"allow":["GET"]}}],"collection":[{"href":"https:\/\/cdn.hannover-living.dev\/da\/wp-json\/wp\/v2\/pages"}],"about":[{"href":"https:\/\/cdn.hannover-living.dev\/da\/wp-json\/wp\/v2\/types\/page"}],"author":[{"embeddable":true,"href":"https:\/\/cdn.hannover-living.dev\/da\/wp-json\/wp\/v2\/users\/1"}],"replies":[{"embeddable":true,"href":"https:\/\/cdn.hannover-living.dev\/da\/wp-json\/wp\/v2\/comments?post=40275"}],"version-history":[{"count":9,"href":"https:\/\/cdn.hannover-living.dev\/da\/wp-json\/wp\/v2\/pages\/40275\/revisions"}],"predecessor-version":[{"id":40305,"href":"https:\/\/cdn.hannover-living.dev\/da\/wp-json\/wp\/v2\/pages\/40275\/revisions\/40305"}],"wp:attachment":[{"href":"https:\/\/cdn.hannover-living.dev\/da\/wp-json\/wp\/v2\/media?parent=40275"}],"curies":[{"name":"wp","href":"https:\/\/api.w.org\/{rel}","templated":true}]}}