{"id":2801,"date":"2018-04-20T15:18:09","date_gmt":"2018-04-20T13:18:09","guid":{"rendered":"http:\/\/web53.s259.goserver.host\/?page_id=2801"},"modified":"2026-01-13T13:11:51","modified_gmt":"2026-01-13T11:11:51","slug":"databeskyttelse-2","status":"publish","type":"page","link":"https:\/\/cdn.hannover-living.dev\/da\/databeskyttelse-2\/","title":{"rendered":"Beskyttelse af data"},"content":{"rendered":"<h1 class=\"fl-heading\"><span class=\"fl-heading-text\">Beskyttelse af data<\/span><\/h1>\n<p><strong>Fortrolighedspolitik<\/strong><\/p>\n<ol>\n<li><strong> Et overblik over databeskyttelse<\/strong><\/li>\n<\/ol>\n<p><strong>Generel information<\/strong><br \/>\nF\u00f8lgende information giver et simpelt overblik over, hvad der sker med dine personlige data, n\u00e5r du bes\u00f8ger vores hjemmeside. Personlige data er alle data, der kan bruges til at identificere dig personligt. Detaljerede oplysninger om emnet databeskyttelse kan findes i vores databeskyttelseserkl\u00e6ring, der er anf\u00f8rt under denne tekst.<br \/>\n<strong>Dataindsamling p\u00e5 vores hjemmeside<\/strong><br \/>\n<strong>Hvem er ansvarlig for dataindsamlingen p\u00e5 denne hjemmeside?<\/strong><br \/>\nDatabehandling p\u00e5 dette websted udf\u00f8res af webstedets operat\u00f8r. Du kan finde operat\u00f8rens kontaktoplysninger i den juridiske meddelelse p\u00e5 dette websted.<\/p>\n<p><strong>Hvordan indsamler vi dine data?<\/strong><br \/>\nP\u00e5 den ene side indsamles dine data, n\u00e5r du giver dem til os. Det kan f.eks. v\u00e6re data, som du indtaster i en kontaktformular.<br \/>\nAndre data indsamles automatisk af vores IT-systemer, n\u00e5r du bes\u00f8ger hjemmesiden. Dette er prim\u00e6rt tekniske data (f.eks. internetbrowser, operativsystem eller tidspunkt for sidevisning). Disse data indsamles automatisk, s\u00e5 snart du g\u00e5r ind p\u00e5 vores hjemmeside.<\/p>\n<p><strong>Hvad bruger vi dine data til?<\/strong><br \/>\nNogle af dataene indsamles for at sikre, at hjemmesiden leveres uden fejl. Andre data kan bruges til at analysere din brugeradf\u00e6rd.<\/p>\n<p><strong>Hvilke rettigheder har du med hensyn til dine data?<\/strong><br \/>\nDu har til enhver tid ret til gratis at modtage oplysninger om oprindelsen, modtageren og form\u00e5let med dine lagrede personoplysninger. Du har ogs\u00e5 ret til at anmode om rettelse, blokering eller sletning af disse data. Du kan til enhver tid kontakte os p\u00e5 den adresse, der er angivet i den juridiske meddelelse, hvis du har yderligere sp\u00f8rgsm\u00e5l om emnet databeskyttelse. Du har ogs\u00e5 ret til at indgive en klage til den kompetente tilsynsmyndighed.<\/p>\n<p><strong>Analysev\u00e6rkt\u00f8jer og v\u00e6rkt\u00f8jer fra tredjepartsleverand\u00f8rer<\/strong><br \/>\nN\u00e5r du bes\u00f8ger vores hjemmeside, kan din surfingadf\u00e6rd blive evalueret statistisk. Dette sker hovedsageligt ved hj\u00e6lp af cookies og s\u00e5kaldte analyseprogrammer. Analysen af din surfingadf\u00e6rd er normalt anonym; surfingadf\u00e6rden kan ikke spores tilbage til dig. Du kan g\u00f8re indsigelse mod denne analyse eller forhindre den ved ikke at bruge visse v\u00e6rkt\u00f8jer. Detaljerede oplysninger om dette kan findes i den f\u00f8lgende privatlivspolitik.<br \/>\nDu kan g\u00f8re indsigelse mod denne analyse. Vi vil informere dig om indsigelsesmulighederne i denne privatlivspolitik.<\/p>\n<ol start=\"2\">\n<li><strong> Generelle bem\u00e6rkninger og obligatoriske oplysninger<\/strong><\/li>\n<\/ol>\n<p><strong>Beskyttelse af data<\/strong><br \/>\nOperat\u00f8rerne af disse sider tager beskyttelsen af dine personlige data meget alvorligt. Vi behandler dine personlige data fortroligt og i overensstemmelse med de lovbestemte databeskyttelsesbestemmelser og denne privatlivspolitik.<br \/>\nN\u00e5r du bruger dette websted, indsamles der forskellige personoplysninger. Persondata er data, der kan bruges til at identificere dig personligt. Denne privatlivspolitik forklarer, hvilke data vi indsamler, og hvad vi bruger dem til. Den forklarer ogs\u00e5, hvordan og til hvilket form\u00e5l dette g\u00f8res.<br \/>\nVi vil gerne g\u00f8re opm\u00e6rksom p\u00e5, at dataoverf\u00f8rsel via internettet (f.eks. ved kommunikation via e-mail) kan have sikkerhedshuller. Fuldst\u00e6ndig beskyttelse af data mod adgang fra tredjeparter er ikke mulig.<\/p>\n<p><strong>Note om det ansvarlige organ<\/strong><br \/>\nDen ansvarlige for databehandlingen p\u00e5 dette websted er<\/p>\n<p>Hannover Marketing &amp; Tourismus GmbH<br \/>\nAdministrerende direkt\u00f8r<br \/>\nChristian Katz<br \/>\nVahrenwalder Str. 7<br \/>\n30165 Hanover<br \/>\nTelefon: 0511-1234900<br \/>\nE-mail: info@hannover-marketing.de<\/p>\n<p>Den dataansvarlige er den fysiske eller juridiske person, der alene eller sammen med andre bestemmer form\u00e5let med og midlerne til behandling af personoplysninger (f.eks. navne, e-mailadresser osv.).<\/p>\n<p><strong>Tilbagekaldelse af dit samtykke til databehandling<\/strong><br \/>\nMange databehandlingsoperationer er kun mulige med dit udtrykkelige samtykke. Du kan til enhver tid tilbagekalde et samtykke, du allerede har givet. Det eneste, du skal g\u00f8re, er at sende os en uformel e-mail. Lovligheden af den databehandling, der er udf\u00f8rt indtil tilbagekaldelsen, forbliver up\u00e5virket af tilbagekaldelsen.<\/p>\n<p><strong>Ret til at indgive en klage til den kompetente tilsynsmyndighed<\/strong><br \/>\nI tilf\u00e6lde af overtr\u00e6delser af databeskyttelsesloven har den registrerede ret til at indgive en klage til den kompetente tilsynsmyndighed. Den kompetente tilsynsmyndighed for databeskyttelsessp\u00f8rgsm\u00e5l er den statslige databeskyttelsesr\u00e5dgiver i den f\u00f8derale stat, hvor vores virksomhed er baseret. En liste over databeskyttelsesr\u00e5dgivere og deres kontaktoplysninger kan findes p\u00e5 f\u00f8lgende link: <a href=\"https:\/\/www.bfdi.bund.de\/DE\/Infothek\/Anschriften_Links\/anschriften_links-node.html\" target=\"_blank\" rel=\"noopener\">https:\/\/www.bfdi.bund.de\/DE\/Infothek\/Anschriften_Links\/anschriften_links-node.html<\/a>.<\/p>\n<p><strong>Ret til dataportabilitet<\/strong><br \/>\nDu har ret til at f\u00e5 data, som vi behandler automatisk p\u00e5 grundlag af dit samtykke eller til opfyldelse af en kontrakt, udleveret til dig eller til en tredjepart i et almindeligt anvendt, maskinl\u00e6sbart format. Hvis du anmoder om direkte overf\u00f8rsel af data til en anden dataansvarlig, vil dette kun finde sted, hvis det er teknisk muligt.<\/p>\n<p><strong>SSL- eller TLS-kryptering<\/strong><br \/>\nDette websted bruger SSL- eller TLS-kryptering af sikkerhedsm\u00e6ssige \u00e5rsager og for at beskytte overf\u00f8rslen af fortroligt indhold, s\u00e5som ordrer eller foresp\u00f8rgsler, som du sender til os som webstedsoperat\u00f8r. Du kan genkende en krypteret forbindelse ved, at adresselinjen i browseren skifter fra \"http:\/\/\" til \"https:\/\/\" og ved l\u00e5sesymbolet i din browserlinje. Hvis SSL- eller TLS-kryptering er aktiveret, kan de data, du sender til os, ikke l\u00e6ses af tredjeparter.<\/p>\n<p><strong>Information, blokering, sletning<\/strong><br \/>\nInden for rammerne af de g\u00e6ldende lovbestemmelser har du til enhver tid ret til gratis information om dine lagrede personlige data, deres oprindelse og modtager og form\u00e5let med databehandlingen og om n\u00f8dvendigt ret til korrektion, blokering eller sletning af disse data. Du kan til enhver tid kontakte os p\u00e5 den adresse, der er angivet i den juridiske meddelelse, hvis du har yderligere sp\u00f8rgsm\u00e5l om emnet personoplysninger.<\/p>\n<p><strong>Indsigelse mod reklame-e-mails<\/strong><br \/>\nVi g\u00f8r hermed indsigelse mod brugen af kontaktdata, der er offentliggjort i forbindelse med aftrykspligten, til at sende uopfordret reklame- og informationsmateriale. Operat\u00f8rerne af dette websted forbeholder sig udtrykkeligt retten til at tage juridiske skridt i tilf\u00e6lde af uopfordret afsendelse af reklameinformation, s\u00e5som spam-e-mails.<\/p>\n<ol start=\"3\">\n<li><strong> Databeskyttelsesr\u00e5dgiver<\/strong><\/li>\n<\/ol>\n<p><strong>Databeskyttelsesr\u00e5dgiver p\u00e5kr\u00e6vet ved lov<\/strong><br \/>\nVi har udpeget en databeskyttelsesansvarlig for vores virksomhed.<\/p>\n<p class=\"emark\"><span class=\"cnw_skip_translation\">Althammer &amp; Kill<br \/>\nRoscherstrasse 7<br \/>\n30161 Hannover<br \/>\nTyskland<\/span><\/p>\n<p class=\"emark\">e-mail: <a href=\"mailto:kontakt-dsb@althammer-kill.de\" data-cke-saved-href=\"mailto:kontakt-dsb@althammer-kill.de\">kontakt-dsb@althammer-kill.de<\/a><\/p>\n<ol start=\"4\">\n<li><strong> Dataindsamling p\u00e5 vores hjemmeside<\/strong><\/li>\n<\/ol>\n<p><strong>Sm\u00e5kager<\/strong><br \/>\nNogle af internetsiderne bruger s\u00e5kaldte cookies. Cookies skader ikke din computer og indeholder ikke virus. Cookies bruges til at g\u00f8re vores hjemmeside mere brugervenlig, effektiv og sikker. Cookies er sm\u00e5 tekstfiler, der lagres p\u00e5 din computer og gemmes af din browser.<br \/>\nDe fleste af de cookies, vi bruger, er s\u00e5kaldte \"session cookies\". De slettes automatisk, n\u00e5r du afslutter dit bes\u00f8g. Andre cookies forbliver gemt p\u00e5 din enhed, indtil du sletter dem. Disse cookies g\u00f8r det muligt for os at genkende din browser ved dit n\u00e6ste bes\u00f8g.<br \/>\nDu kan indstille din browser, s\u00e5 du bliver informeret om indstillingen af cookies og kun tillader cookies i individuelle tilf\u00e6lde, udelukker accept af cookies i visse tilf\u00e6lde eller generelt og aktiverer automatisk sletning af cookies, n\u00e5r du lukker browseren. Hvis cookies deaktiveres, kan funktionaliteten p\u00e5 dette websted v\u00e6re begr\u00e6nset.<br \/>\nCookies, der er n\u00f8dvendige for at gennemf\u00f8re den elektroniske kommunikationsproces eller for at levere bestemte funktioner, som du har anmodet om (f.eks. indk\u00f8bskurvfunktion), gemmes p\u00e5 grundlag af artikel 6, stk. 1, litra f, i GDPR. Webstedsoperat\u00f8ren har en legitim interesse i lagring af cookies til teknisk fejlfri og optimeret levering af sine tjenester. I det omfang, der gemmes andre cookies (f.eks. cookies til analyse af din surfingadf\u00e6rd), behandles disse separat i denne privatlivspolitik.<br \/>\n<strong>\u00a0<\/strong><\/p>\n<ol start=\"5\">\n<li><strong> Sociale medier<\/strong><\/li>\n<\/ol>\n<p><strong>Facebook-plugins (Like- og Share-knap)<\/strong><br \/>\nPlugins fra det sociale netv\u00e6rk Facebook, udbyder Facebook Inc, 1 Hacker Way, Menlo Park, California 94025, USA, er integreret p\u00e5 vores sider. Du kan genkende Facebook-plugins ved hj\u00e6lp af Facebook-logoet eller \"Synes godt om\"-knappen p\u00e5 vores side. Du kan finde en oversigt over Facebook-plugins her: <a href=\"https:\/\/developers.facebook.com\/docs\/plugins\/\" target=\"_blank\" rel=\"noopener\">https:\/\/developers.facebook.com\/docs\/plugins\/<\/a>.<br \/>\nN\u00e5r du bes\u00f8ger vores sider, oprettes der en direkte forbindelse mellem din browser og Facebook-serveren via plugin'et. Facebook modtager oplysninger om, at du har bes\u00f8gt vores side med din IP-adresse. Hvis du klikker p\u00e5 Facebooks \"Synes godt om\"-knap, mens du er logget ind p\u00e5 din Facebook-konto, kan du linke indholdet p\u00e5 vores sider til din Facebook-profil. Dette giver Facebook mulighed for at knytte dit bes\u00f8g p\u00e5 vores sider til din brugerkonto. Vi vil gerne p\u00e5pege, at vi som udbyder af siderne ikke har kendskab til indholdet af de overf\u00f8rte data eller deres anvendelse af Facebook. Yderligere oplysninger om dette kan findes i Facebooks privatlivspolitik p\u00e5 <a href=\"https:\/\/de-de.facebook.com\/policy.php\" target=\"_blank\" rel=\"noopener\">https:\/\/de-de.facebook.com\/policy.php<\/a>.<br \/>\nHvis du ikke \u00f8nsker, at Facebook skal kunne forbinde dit bes\u00f8g p\u00e5 vores sider med din Facebook-brugerkonto, skal du logge ud af din Facebook-brugerkonto.<\/p>\n<p><strong>Chat med chatbot<\/strong><br \/>\nVi bruger Chatwith til at levere chatbot-tjenester p\u00e5 vores hjemmeside. Denne chatbot indsamler og behandler personoplysninger som f.eks. chatlogs og brugerinteraktioner. Chatwith opererer i n\u00f8je overensstemmelse med GDPR og behandler data i overensstemmelse med vores instruktioner. For mere information henvises til Chatwiths privatlivspolitik p\u00e5 https:\/\/chatwith.tools\/privacy<\/p>\n<p><strong>Instagram-plugin<\/strong><br \/>\nFunktioner fra Instagram-tjenesten er integreret p\u00e5 vores sider. Disse funktioner tilbydes af Instagram Inc. 1601 Willow Road, Menlo Park, CA 94025, USA.<br \/>\nHvis du er logget ind p\u00e5 din Instagram-konto, kan du linke indholdet p\u00e5 vores sider til din Instagram-profil ved at klikke p\u00e5 Instagram-knappen. Dette g\u00f8r det muligt for Instagram at knytte dit bes\u00f8g p\u00e5 vores sider til din brugerkonto. Vi g\u00f8r opm\u00e6rksom p\u00e5, at vi som udbyder af siderne ikke har kendskab til indholdet af de overf\u00f8rte data eller til Instagrams brug af dem.<br \/>\nYderligere oplysninger om dette kan findes i Instagrams privatlivspolitik: <a href=\"https:\/\/instagram.com\/about\/legal\/privacy\/\" target=\"_blank\" rel=\"noopener\">https:\/\/instagram.com\/about\/legal\/privacy\/<\/a>.<\/p>\n<p class=\"paragraph\" style=\"margin: 0cm; vertical-align: baseline;\"><b>Brug af chatbotten \"Hanno\"<\/b><\/p>\n<p class=\"paragraph\" style=\"margin-bottom: 0cm; vertical-align: baseline;\">Vi bruger chatbotten \"Hanno\" fra Dr. Schengber &amp; Friends GmbH, Schorlemerstr. 12-14, D-48143 M\u00fcnster (DSaF) p\u00e5 vores hjemmeside for at forbedre tilg\u00e6ngeligheden og kommunikationen med brugere og interesserede parter.<\/p>\n<p class=\"paragraph\" style=\"margin-bottom: 0cm; vertical-align: baseline;\">Information om databeskyttelse hos udbyderen DSaF kan findes her:\u00a0<a href=\"https:\/\/botcamp.ai\/datenschutz\/\" target=\"_blank\" rel=\"noopener\">https:\/\/botcamp.ai\/datenschutz\/<\/a><\/p>\n<p class=\"paragraph\" style=\"margin-bottom: 0cm; vertical-align: baseline;\">Vi har indg\u00e5et en ordrebehandlingskontrakt med DSaF, som giver tilstr\u00e6kkelige garantier for databehandling, der overholder databeskyttelsesbestemmelserne og er sikker.<\/p>\n<p class=\"paragraph\" style=\"margin-bottom: 0cm; vertical-align: baseline;\">Den chatbot-software, der bruges p\u00e5 dette websted, anvender maskinl\u00e6ring til bedre at forst\u00e5 og reagere p\u00e5 brugerinput. Til dette form\u00e5l sendes input til eksterne servere og analyseres der. Dette er den eneste m\u00e5de at f\u00e5 chatbotten til at fungere p\u00e5. Der anmodes ikke om eller kr\u00e6ves ingen personlige data p\u00e5 noget tidspunkt i chatbotten. Brugerne kan derfor ikke identificeres, s\u00e5 l\u00e6nge de ikke indtaster nogen personlige data. De ikke-personlige data, der indtastes, bruges til l\u00e6ringsform\u00e5l og gemmes til tr\u00e6ningsform\u00e5l. Dette udg\u00f8r en legitim interesse i henhold til artikel 6, stk. 1, litra f), i GDPR. Din IP-adresse indsamles af systemet under brug.<\/p>\n<p class=\"paragraph\" style=\"margin-bottom: 0cm; vertical-align: baseline;\"><b>Form\u00e5l med databehandling<\/b><br \/>\nBrugen af chatbots hj\u00e6lper os med at reagere hurtigt og p\u00e5lideligt p\u00e5 brugerforesp\u00f8rgsler p\u00e5 vores hjemmeside og \u00f8ger dermed brugervenligheden og tilg\u00e6ngeligheden. I sidste ende tjener brugen ogs\u00e5 vores reklame- og markedsf\u00f8ringsinteresser, da det giver os mulighed for at komme i kontakt med folk, der er interesserede i vores tjenester, hurtigere og mere effektivt. Indsamlingen af din IP-adresse tjener til at skelne dig fra andre bes\u00f8gende og chattere, s\u00e5 der ikke \u00e5bnes flere chats p\u00e5 samme tid af den samme bruger. Hvis du indtaster yderligere data i chatvinduet, er dette frivilligt, og form\u00e5let bestemmes af din anmodning.<\/p>\n<p class=\"paragraph\" style=\"margin-bottom: 0cm; vertical-align: baseline;\"><b>Juridisk grundlag for databehandling<\/b><br \/>\nDatabehandlingen sker p\u00e5 grundlag af artikel 6, stk. 1, litra f, i GDPR. Vores legitime interesse i denne databehandling ligger i de f\u00f8rn\u00e6vnte form\u00e5l og i overhovedet at kunne behandle din foresp\u00f8rgsel.<\/p>\n<p class=\"paragraph\" style=\"margin-bottom: 0cm; vertical-align: baseline;\"><b>Varighed af opbevaring<\/b><br \/>\nDataene og indholdet af chats gemmes p\u00e5 DSaF's servere af systemet i maksimalt 3 m\u00e5neder, i nogle tilf\u00e6lde slettes de ogs\u00e5 tidligere ved manuel sletning af os.<\/p>\n<p class=\"paragraph\" style=\"margin-bottom: 0cm; vertical-align: baseline;\">Ellers gemmer vi de data, der er indsamlet p\u00e5 grundlag af en legitim interesse, indtil den legitime interesse ikke l\u00e6ngere eksisterer, en overvejelse kommer til en anden konklusion, eller du effektivt har gjort indsigelse i overensstemmelse med artikel 21 i GDPR (se den visuelt fremh\u00e6vede \"Ret til at g\u00f8re indsigelse mod behandling p\u00e5 grundlag af legitim interesse\" under C.). Det gennemg\u00e5s regelm\u00e6ssigt, mindst en gang om \u00e5ret, om den legitime interesse stadig eksisterer. Is\u00e6r eksisterer vores interesse ikke l\u00e6ngere, hvis dataene ikke l\u00e6ngere er tilstr\u00e6kkeligt relevante for os med hensyn til analyse og statistik over brug af webstedet p\u00e5 grund af tidens gang, hvilket kan antages senest efter tre \u00e5r.<\/p>\n<p class=\"paragraph\" style=\"margin-bottom: 0cm; vertical-align: baseline;\"><b>Mulighed for indsigelse og fjernelse<\/b><br \/>\nDu har til enhver tid ret til af grunde, der vedr\u00f8rer din s\u00e6rlige situation, at g\u00f8re indsigelse mod vores behandling af personoplysninger om dig. Hvis vi ikke kan p\u00e5vise tvingende legitime grunde til yderligere behandling, der vejer tungere end dine interesser, rettigheder og friheder, vil vi ikke l\u00e6ngere behandle dine data (se artikel 21 i GDPR). Du kan kontakte os pr. post eller e-mail for at g\u00f8re dette. Med indsigelsen slutter vores samtale dog ogs\u00e5.<\/p>\n<p class=\"paragraph\" style=\"margin-bottom: 0cm; vertical-align: baseline;\">Alle personlige data, der er gemt i forbindelse med kontakt med os, slettes i dette tilf\u00e6lde, forudsat at der ikke er nogen indikationer p\u00e5 kontraktlige garanti- eller ansvarskrav, eller at vi ikke har nogen krav mod dig. I alle andre tilf\u00e6lde vil dataene blive blokeret, s\u00e5 kun vores ledelse har adgang til disse data og kun med henblik p\u00e5 de lovbestemte opbevarings\u00e5rsager eller med henblik p\u00e5 forsvar eller h\u00e6vdelse af faktiske eller potentielle krav indtil udl\u00f8bet af for\u00e6ldelsesfristen (se ovenfor vores oplysninger om opbevaringens varighed).<\/p>\n<p>Fortrolighedspolitik for urbnups<br \/>\nI det omfang vi bruger urbnups' tjenester p\u00e5 vores hjemmeside, g\u00e6lder f\u00f8lgende ogs\u00e5<br \/>\nf\u00f8lgende databeskyttelseserkl\u00e6ring. urbnups leverer forskelligt indhold inden for omr\u00e5det digital<br \/>\nTurisme, som du kan bruge som vores brugere.<br \/>\nurbnups indsamler og behandler f\u00f8lgende data, som er teknisk n\u00f8dvendige for at give dig<br \/>\nVis den \u00f8nskede service og s\u00f8rg for stabilitet og sikkerhed<br \/>\n(Retsgrundlaget er art. 6, stk. 1, s\u00e6tning 1, litra f, i GDPR):<br \/>\n- IP-adresse<br \/>\n- Dato og tidspunkt for henvendelsen<br \/>\n- Tidszoneforskel til Greenwich Mean Time (GMT)<br \/>\n- Anmodningens indhold (specifik side)<br \/>\n- Adgangsstatus\/HTTP-statuskode<br \/>\n- M\u00e6ngden af data, der overf\u00f8res i hvert tilf\u00e6lde<br \/>\n- Hjemmeside, hvorfra anmodningen kommer<br \/>\n- Browser<br \/>\n- Operativsystemet og dets gr\u00e6nseflade<br \/>\n- Sprog og version af browsersoftwaren.<br \/>\n- Den IP-adresse, som din browser sender, vil ikke blive delt med andre data, som vi har.<br \/>\nindsamlede data er fusioneret.<br \/>\nVi har ingen indflydelse p\u00e5 de indsamlede data og databehandlingen hos<br \/>\nudbydere, og vi er heller ikke klar over det fulde omfang af dataindsamlingen, form\u00e5lene med den<br \/>\nbehandling eller opbevaringsperioder.<br \/>\nRetsgrundlaget for brugen af urbnups-tjenester er art. 6, stk. 1, s\u00e6tning 1, litra f, i GDPR.<br \/>\nYderligere oplysninger om form\u00e5let med og omfanget af dataindsamling og -behandling<br \/>\naf urbnups kan findes i udbyderens privatlivspolitik. Der<br \/>\nfinder du ogs\u00e5 yderligere oplysninger om dine rettigheder og forpligtelser i den forbindelse.<br \/>\nIndstilling af muligheder for at beskytte dit privatliv.<br \/>\nFortrolighedspolitik for urbnups UG (haftungsbeschr\u00e4nkt),<\/p>\n<p><strong>Ansvarsfraskrivelse <\/strong><\/p>\n<ol>\n<li>Chatbotten l\u00e6rer af brugernes og redakt\u00f8rernes adf\u00e6rd og kommunikation. Den kan derfor v\u00e6re i stand til at komme med udsagn, der:<\/li>\n<li>a) opfattes som upassende,<\/li>\n<li>b) der ikke er aktuelle,<\/li>\n<li>c) der ikke er komplette,<\/li>\n<li>d) som ikke er faktuelt korrekte.<\/li>\n<\/ol>\n<p>I s\u00e6rdeleshed gives der ingen garanti for dette,<\/p>\n<ol>\n<li>at de steder, du leder efter, kan n\u00e5s n\u00e5r som helst.<\/li>\n<li>at \u00e5bningstiderne er opdaterede.<\/li>\n<li>at (entr\u00e9)priserne er opdaterede.<\/li>\n<li>at begivenhederne finder sted.<\/li>\n<\/ol>\n<p>I tvivlstilf\u00e6lde skal n\u00f8jagtigheden af den AI-genererede information verificeres af den person, der bruger den.<\/p>\n<ol start=\"2\">\n<li>Udbyderen udelukker hermed udtrykkeligt ethvert ansvar for de udsagn, der er fremsat af chatbotten. Ansvarskrav vedr\u00f8rende materielle eller immaterielle skader for\u00e5rsaget af brug eller ikke-brug af de leverede oplysninger eller ved brug af forkerte eller ufuldst\u00e6ndige oplysninger er grundl\u00e6ggende udelukket, medmindre der er bevis for fors\u00e6tlig hensigt eller grov uagtsomhed. Alle tilbud er med forbehold for \u00e6ndringer og er ikke bindende. I s\u00e6rdeleshed gives der ingen garanti.<\/li>\n<\/ol>\n<p>&nbsp;<\/p>\n<p><strong>Tjenester fra Hannover Marketing und Tourismus GmbH<\/strong><\/p>\n<p>Komponenter fra virksomheden Hannover Marketing &amp; Tourismus GmbH (HMTG) er integreret p\u00e5 denne hjemmeside. HMTG's m\u00e5l er at markedsf\u00f8re de 21 kommuner i Hannover-regionen i hele landet. HMTG fungerer ogs\u00e5 som udbyder af turisttjenester og tilbyder alle tjenester i forbindelse med et ophold i Hannover-regionen med sit bytursteam (herunder salg af oplevelsespakker og byture), indkvarteringstjenester og turistinformation. Til dette form\u00e5l bruger HMTG komponenter, der er integreret af Iframes, fra f\u00f8lgende virksomheder:<\/p>\n<p>Hotelbookingplatform, oplevelsespakker, byture, online shop inkl. billetsalg<\/p>\n<p><strong>Holidu GmbH<\/strong><br \/>\nRiesstrasse 24<br \/>\n80992 M\u00fcnchen<br \/>\ne-mail: <a href=\"mailto:service@holidu.com\">service@holidu.com<\/a><br \/>\nWeb: <a href=\"https:\/\/www.holidu.de\/hsd\" target=\"_blank\" rel=\"noopener\">www.holidu.de<\/a><br \/>\nTelefon: +49 89 120840988<\/p>\n<p>Betalingsmetoder via My.IRS GmbH<\/p>\n<p>Datatrans (Mastercard, Visacard)<br \/>\nDatatrans AG<br \/>\nKreuzb\u00fchlstrasse 26<br \/>\nCH-8008 Z\u00fcrich<br \/>\nSchweiz<br \/>\nHandelsregister: Kanton Z\u00fcrich, CH-400.3.008.700-8<br \/>\nMomsnummer (merv\u00e6rdiafgift): CHE-100.847.043 MOMS<br \/>\nLedelse: Hanspeter Maurer, Bettina Reimers, Urs Kisling<br \/>\nTelefon: +41 44 256 81 91<br \/>\nFax: +41 44 256 81 98<br \/>\ne-mail: Generelt: info@datatrans.ch<\/p>\n<p>PayPal<br \/>\nP\u00e5 vores hjemmeside tilbyder vi blandt andet betaling via PayPal. Udbyderen af denne betalingstjeneste er PayPal (Europe) S.\u00e0.r.l. et Cie, S.C.A., 22-24 Boulevard Royal, L-2449 Luxembourg (i det f\u00f8lgende ben\u00e6vnt \"PayPal\").<br \/>\nHvis du v\u00e6lger betaling via PayPal, vil de betalingsdata, du indtaster, blive overf\u00f8rt til PayPal.<br \/>\nOverf\u00f8rslen af dine data til PayPal er baseret p\u00e5 artikel 6, stk. 1, litra a, i GDPR (samtykke) og artikel 6, stk. 1, litra b, i GDPR (behandling med henblik p\u00e5 opfyldelse af en kontrakt). Du har til enhver tid mulighed for at tilbagekalde dit samtykke til databehandling. En tilbagekaldelse p\u00e5virker ikke effektiviteten af tidligere databehandlingsoperationer.<br \/>\nland i sigte AG<br \/>\nBr\u00fchlmatten 16<br \/>\nD-79295 Sulzburg\/TYSKLAND<br \/>\nE-mail: info@land-in.sicht.de<br \/>\nWeb: www.land-in-sicht.de<br \/>\nTelefon: +49 7634 56956-0<br \/>\nFax: +49 7634 56956-99<br \/>\nHjemsted for land in sicht AG: D-79295 Sulzburg<br \/>\nDen lokale domstol Freiburg i.Br., HRB 300725<br \/>\nJuridisk form: Aktieselskab (AG)<\/p>","protected":false},"excerpt":{"rendered":"<p>Databeskyttelse Privatlivspolitik Databeskyttelse i korte tr\u00e6k Generelle oplysninger F\u00f8lgende oplysninger giver et enkelt overblik over, hvad der sker med dine personlige data, n\u00e5r du bes\u00f8ger vores hjemmeside. Personlige data er alle data, der kan bruges til at identificere dig personligt. Detaljerede oplysninger om emnet databeskyttelse kan findes i vores databeskyttelseserkl\u00e6ring, der er anf\u00f8rt under denne tekst. Dataindsamling p\u00e5 vores [...]<\/p>","protected":false},"author":3,"featured_media":0,"parent":0,"menu_order":12,"comment_status":"closed","ping_status":"closed","template":"","meta":{"footnotes":""},"class_list":["post-2801","page","type-page","status-publish","hentry"],"_links":{"self":[{"href":"https:\/\/cdn.hannover-living.dev\/da\/wp-json\/wp\/v2\/pages\/2801","targetHints":{"allow":["GET"]}}],"collection":[{"href":"https:\/\/cdn.hannover-living.dev\/da\/wp-json\/wp\/v2\/pages"}],"about":[{"href":"https:\/\/cdn.hannover-living.dev\/da\/wp-json\/wp\/v2\/types\/page"}],"author":[{"embeddable":true,"href":"https:\/\/cdn.hannover-living.dev\/da\/wp-json\/wp\/v2\/users\/3"}],"replies":[{"embeddable":true,"href":"https:\/\/cdn.hannover-living.dev\/da\/wp-json\/wp\/v2\/comments?post=2801"}],"version-history":[{"count":2,"href":"https:\/\/cdn.hannover-living.dev\/da\/wp-json\/wp\/v2\/pages\/2801\/revisions"}],"predecessor-version":[{"id":44328,"href":"https:\/\/cdn.hannover-living.dev\/da\/wp-json\/wp\/v2\/pages\/2801\/revisions\/44328"}],"wp:attachment":[{"href":"https:\/\/cdn.hannover-living.dev\/da\/wp-json\/wp\/v2\/media?parent=2801"}],"curies":[{"name":"wp","href":"https:\/\/api.w.org\/{rel}","templated":true}]}}